{"id":8867,"date":"2015-12-05T14:46:32","date_gmt":"2015-12-05T12:46:32","guid":{"rendered":"https:\/\/oscar-resort.com\/cookie-policy-eu\/"},"modified":"2025-03-18T14:07:09","modified_gmt":"2025-03-18T12:07:09","slug":"cookie-policy-eu","status":"publish","type":"page","link":"https:\/\/oscar-resort.com\/tr\/cookie-policy-eu\/","title":{"rendered":"\u00c7erez Politikas\u0131"},"content":{"rendered":"<p><\/p>\n<h3 class=\"widget-title\">Gizlilik ve G\u00fcvenlik Politikas\u0131<\/h3>\n<div class=\"siteorigin-widget-tinymce textwidget\">\n<p>&nbsp;<\/p>\n<p>&nbsp;<\/p>\n<p><strong>Gizlilik &amp; G\u00fcvenlik Politikas\u0131 <\/strong><\/p>\n<p>Sitemizde verilen t\u00fcm servisler ve hizmetler, <a href=\"http:\/\/www.oscar-resort.com\">www.oscar-resort.com<\/a> <strong>\u00a0<\/strong>adresinde kay\u0131tl\u0131 Oskar Ltd. Oscar Resort Hotel \u00a0i\u015fletmemize aittir ve i\u015fletmemiz taraf\u0131ndan i\u015fletilir.<\/p>\n<p>Firmam\u0131z, \u00e7e\u015fitli ama\u00e7larla ki\u015fisel veriler toplayabilir. A\u015fa\u011f\u0131da, toplanan ki\u015fisel verilerin nas\u0131l ve ne \u015fekilde topland\u0131\u011f\u0131, bu verilerin nas\u0131l ve ne \u015fekilde korundu\u011fu belirtilmi\u015ftir.<\/p>\n<p>Firmam\u0131z, gizli bilgileri kesinlikle \u00f6zel ve gizli tutmay\u0131, bunu bir s\u0131r saklama y\u00fck\u00fcm\u00fc olarak addetmeyi ve gizlili\u011fin sa\u011flanmas\u0131 ve s\u00fcrd\u00fcr\u00fclmesi, gizli bilginin tamam\u0131n\u0131n veya herhangi bir k\u0131sm\u0131n\u0131n kamu alan\u0131na girmesini veya yetkisiz kullan\u0131m\u0131n\u0131 veya \u00fc\u00e7\u00fcnc\u00fc bir ki\u015fiye if\u015fas\u0131n\u0131 \u00f6nlemek i\u00e7in gerekli t\u00fcm tedbirleri almay\u0131 ve gerekli \u00f6zeni g\u00f6stermeyi taahh\u00fct etmektedir.<\/p>\n<p>Bu durumlar s\u0131n\u0131rl\u0131 say\u0131da olmak \u00fczere;<\/p>\n<ol>\n<li>Kanun, Kanun H\u00fckm\u00fcnde Kararname, Y\u00f6netmelik v.b. yetkili hukuki otorite taraf\u0131ndan \u00e7\u0131kar\u0131lan ve y\u00fcr\u00fcrl\u00fcl\u00fckte olan hukuk kurallar\u0131n\u0131n getirdi\u011fi zorunluluklara uymak;<\/li>\n<li>Sitemiz kullan\u0131c\u0131larla akdetti\u011fi di\u011fer s\u00f6zle\u015fmelerin gereklerini yerine getirmek ve bunlar\u0131 uygulamaya koymak amac\u0131yla;<\/li>\n<li>Yetkili idari ve adli otorite taraf\u0131ndan usul\u00fcne g\u00f6re y\u00fcr\u00fct\u00fclen bir ara\u015ft\u0131rma veya soru\u015fturman\u0131n y\u00fcr\u00fct\u00fcm\u00fc amac\u0131yla kullan\u0131c\u0131larla ilgili bilgi talep edilmesi;<\/li>\n<li>Kullan\u0131c\u0131lar\u0131n haklar\u0131 veya g\u00fcvenliklerini korumak i\u00e7in bilgi vermenin gerekli oldu\u011fu hallerdir.<\/li>\n<\/ol>\n<p><strong>TARAYICI \u00c7EREZLER\u0130 <\/strong><\/p>\n<p>\u0130\u015fletmemiz, web sitemizi ziyaret eden kullan\u0131c\u0131lar ve kullan\u0131c\u0131lar\u0131n web sitesini kullan\u0131m\u0131 hakk\u0131ndaki bilgileri teknik bir ileti\u015fim dosyas\u0131 (\u00c7erez-Cookie) kullanarak elde edebilir. Bahsi ge\u00e7en teknik ileti\u015fim dosyalar\u0131, ana bellekte saklanmak \u00fczere bir internet sitesinin kullan\u0131c\u0131n\u0131n taray\u0131c\u0131s\u0131na (browser) g\u00f6nderdi\u011fi k\u00fc\u00e7\u00fck metin dosyalar\u0131d\u0131r. Teknik ileti\u015fim dosyas\u0131 site hakk\u0131nda durum ve tercihleri saklayarak \u0130nternet&#8217;in kullan\u0131m\u0131n\u0131 kolayla\u015ft\u0131r\u0131r.<\/p>\n<p>Teknik ileti\u015fim dosyas\u0131, siteyi ka\u00e7 ki\u015finin ziyaret etti\u011fini, bir ki\u015finin siteyi hangi ama\u00e7la, ka\u00e7 kez ziyaret etti\u011fini ve ne kadar sitede kald\u0131klar\u0131 hakk\u0131nda istatistiksel bilgileri elde etmeye ve kullan\u0131c\u0131lar i\u00e7in \u00f6zel tasarlanm\u0131\u015f kullan\u0131c\u0131 sayfalar\u0131ndan dinamik olarak reklam ve i\u00e7erik \u00fcretilmesine yard\u0131mc\u0131 olur. Teknik ileti\u015fim dosyas\u0131, ana bellekte veya e-postan\u0131zdan veri veya ba\u015fkaca herhangi bir ki\u015fisel bilgi almak i\u00e7in tasarlanmam\u0131\u015ft\u0131r. Taray\u0131c\u0131lar\u0131n pek \u00e7o\u011fu ba\u015fta teknik ileti\u015fim dosyas\u0131n\u0131 kabul eder bi\u00e7imde tasarlanm\u0131\u015ft\u0131r ancak kullan\u0131c\u0131lar dilerse teknik ileti\u015fim dosyas\u0131n\u0131n gelmemesi veya teknik ileti\u015fim dosyas\u0131n\u0131n g\u00f6nderildi\u011finde uyar\u0131 verilmesini sa\u011flayacak bi\u00e7imde ayarlar\u0131 de\u011fi\u015ftirebilirler.<\/p>\n<p>\u0130\u015fletmemiz, i\u015fbu &#8220;Gizlilik Politikas\u0131&#8221; h\u00fck\u00fcmlerini diledi\u011fi zaman sitede yay\u0131nlamak veya sitesinde yay\u0131nlamak suretiyle de\u011fi\u015ftirebilir. Gizlilik Politikas\u0131 h\u00fck\u00fcmleri de\u011fi\u015fti\u011fi takdirde, yay\u0131nland\u0131\u011f\u0131 tarihte y\u00fcr\u00fcrl\u00fck kazan\u0131r.<\/p>\n<p>Gizlilik politikam\u0131z ile ilgili her t\u00fcrl\u00fc soru ve \u00f6nerileriniz i\u00e7in <strong><a href=\"mailto:info@oscarresort.com\">info@oscarresort.com<\/a> \u00a0<\/strong>adresine email g\u00f6nderebilirsiniz. \u0130\u015fletmemiz\u2019e ait a\u015fa\u011f\u0131daki ileti\u015fim bilgilerinden ula\u015fabilirsiniz.<\/p>\n<\/div>\n<\/div>\n<\/div>","protected":false},"excerpt":{"rendered":"<p>oscar resort hotel north cyprus kyrenia girne hotels, aqua park, water slides, wave pool, spa wellness<\/p>\n","protected":false},"author":1,"featured_media":0,"parent":0,"menu_order":0,"comment_status":"open","ping_status":"open","template":"","meta":{"jetpack_post_was_ever_published":false,"footnotes":""},"class_list":["post-8867","page","type-page","status-publish","hentry"],"aioseo_notices":[],"jetpack_sharing_enabled":true,"jetpack_shortlink":"https:\/\/wp.me\/P907gG-2j1","jetpack_likes_enabled":true,"jetpack-related-posts":[{"id":3578,"url":"https:\/\/oscar-resort.com\/tr\/photo-gallery\/","url_meta":{"origin":8867,"position":0},"title":"Galeri","author":"oscar-group","date":"Monday December 28th, 2015","format":false,"excerpt":"oscar resort otel foto\u011fraf galerisi","rel":"","context":"&quot;[:en]Reservation Agreement[:de]Reservierungsvereinbarung[:tr]Sat\u0131\u015f S\u00f6zle\u015fmesi[:]&quot; i\u00e7inde","block_context":{"text":"[:en]Reservation Agreement[:de]Reservierungsvereinbarung[:tr]Sat\u0131\u015f S\u00f6zle\u015fmesi[:]","link":"https:\/\/oscar-resort.com\/tr\/category\/booking-conditions\/agreement-1\/"},"img":{"alt_text":"oscar resort hotel external view","src":"https:\/\/i0.wp.com\/oscar-resort.com\/wp-content\/uploads\/2016\/03\/dsc_0049.jpg?fit=1200%2C797&ssl=1&resize=350%2C200","width":350,"height":200,"srcset":"https:\/\/i0.wp.com\/oscar-resort.com\/wp-content\/uploads\/2016\/03\/dsc_0049.jpg?fit=1200%2C797&ssl=1&resize=350%2C200 1x, https:\/\/i0.wp.com\/oscar-resort.com\/wp-content\/uploads\/2016\/03\/dsc_0049.jpg?fit=1200%2C797&ssl=1&resize=525%2C300 1.5x, https:\/\/i0.wp.com\/oscar-resort.com\/wp-content\/uploads\/2016\/03\/dsc_0049.jpg?fit=1200%2C797&ssl=1&resize=700%2C400 2x, https:\/\/i0.wp.com\/oscar-resort.com\/wp-content\/uploads\/2016\/03\/dsc_0049.jpg?fit=1200%2C797&ssl=1&resize=1050%2C600 3x"},"classes":[]},{"id":849,"url":"https:\/\/oscar-resort.com\/tr\/rooms\/main-hotel-sea-view\/","url_meta":{"origin":8867,"position":1},"title":"Deniz Manzaral\u0131 Oda","author":"oscar-group","date":"Saturday February 20th, 2016","format":false,"excerpt":"ana otel standart deniz manzaral\u0131 odalar, ebeveyn, kasa, lcd ekran uydu tv, klima, \u00e7ift ki\u015filik veya ikiz yataklar, balkon, elektronik kap\u0131 kilitleme sistemleri. L\u00fctfen resmi web sitesinden promosyon ve indirimli fiyatlar\u0131 kontrol ediniz.main hotel std sea view rooms, ensuite, safe box, lcd secreen satellite tv, air condition, double or twin\u2026","rel":"","context":"&quot;[:en]Reservation Agreement[:de]Reservierungsvereinbarung[:tr]Sat\u0131\u015f S\u00f6zle\u015fmesi[:]&quot; i\u00e7inde","block_context":{"text":"[:en]Reservation Agreement[:de]Reservierungsvereinbarung[:tr]Sat\u0131\u015f S\u00f6zle\u015fmesi[:]","link":"https:\/\/oscar-resort.com\/tr\/category\/booking-conditions\/agreement-1\/"},"img":{"alt_text":"sea-view-hotel-rooms","src":"https:\/\/i0.wp.com\/oscar-resort.com\/wp-content\/uploads\/2015\/12\/20170119_142656-e1611921422891.jpg?fit=1049%2C590&ssl=1&resize=350%2C200","width":350,"height":200,"srcset":"https:\/\/i0.wp.com\/oscar-resort.com\/wp-content\/uploads\/2015\/12\/20170119_142656-e1611921422891.jpg?fit=1049%2C590&ssl=1&resize=350%2C200 1x, https:\/\/i0.wp.com\/oscar-resort.com\/wp-content\/uploads\/2015\/12\/20170119_142656-e1611921422891.jpg?fit=1049%2C590&ssl=1&resize=525%2C300 1.5x, https:\/\/i0.wp.com\/oscar-resort.com\/wp-content\/uploads\/2015\/12\/20170119_142656-e1611921422891.jpg?fit=1049%2C590&ssl=1&resize=700%2C400 2x"},"classes":[]},{"id":3573,"url":"https:\/\/oscar-resort.com\/tr\/rooms\/","url_meta":{"origin":8867,"position":2},"title":"Odalar","author":"oscar-group","date":"Saturday June 17th, 2023","format":false,"excerpt":"Kuzey K\u0131br\u0131s g\u00fcne\u015finde geleneksel aile tatili, herkesin keyfini \u00e7\u0131karaca\u011f\u0131 pek \u00e7ok yer ile Oscar Resort Hotel ideal bir se\u00e7imdir. \u00c7ocuklar, bu iyi y\u00f6netilen ve pop\u00fcler otelin sundu\u011fu her \u015feye bay\u0131lacak.","rel":"","context":"&quot;[:en]Latest News[:de]Neuesten Nachrichten[:tr]Son Haberler[:]&quot; i\u00e7inde","block_context":{"text":"[:en]Latest News[:de]Neuesten Nachrichten[:tr]Son Haberler[:]","link":"https:\/\/oscar-resort.com\/tr\/category\/blog\/latestnews\/"},"img":{"alt_text":"king suite master bed","src":"https:\/\/i0.wp.com\/oscar-resort.com\/wp-content\/uploads\/2015\/12\/hyo_7926-e1456730536529.jpg?fit=1049%2C592&ssl=1&resize=350%2C200","width":350,"height":200,"srcset":"https:\/\/i0.wp.com\/oscar-resort.com\/wp-content\/uploads\/2015\/12\/hyo_7926-e1456730536529.jpg?fit=1049%2C592&ssl=1&resize=350%2C200 1x, https:\/\/i0.wp.com\/oscar-resort.com\/wp-content\/uploads\/2015\/12\/hyo_7926-e1456730536529.jpg?fit=1049%2C592&ssl=1&resize=525%2C300 1.5x, https:\/\/i0.wp.com\/oscar-resort.com\/wp-content\/uploads\/2015\/12\/hyo_7926-e1456730536529.jpg?fit=1049%2C592&ssl=1&resize=700%2C400 2x"},"classes":[]},{"id":1030,"url":"https:\/\/oscar-resort.com\/tr\/rooms\/inter-connecting\/","url_meta":{"origin":8867,"position":3},"title":"Ba\u011flant\u0131l\u0131 Oda","author":"oscar-group","date":"Thursday February 25th, 2016","format":false,"excerpt":"Oda \u0130mkanlar\u0131 Her biri l\u00fcks ve zarif standartda dekore edilmi\u015f i\u00e7-i\u00e7e ge\u00e7i\u015fli\u00a0 odan\u0131n ebeveyn odas\u0131nda ikiz yatak, du\u015f, wc, lavabo, tra\u015f s\u00f6keti, sa\u00e7 kurutma makinesi standart d\u0131r. Salon oturma ve yemek alan\u0131, geni\u015f LCD TV\u2019den uydu yay\u0131n\u0131 bir ara kap\u0131 ile ayr\u0131lm\u0131\u015f iki tek ki\u015filik yataktan olu\u015fan yatak odas\u0131 ilave\u2026","rel":"","context":"&quot;[:en]Reservation Agreement[:de]Reservierungsvereinbarung[:tr]Sat\u0131\u015f S\u00f6zle\u015fmesi[:]&quot; i\u00e7inde","block_context":{"text":"[:en]Reservation Agreement[:de]Reservierungsvereinbarung[:tr]Sat\u0131\u015f S\u00f6zle\u015fmesi[:]","link":"https:\/\/oscar-resort.com\/tr\/category\/booking-conditions\/agreement-1\/"},"img":{"alt_text":"king suite main building king suit","src":"https:\/\/i0.wp.com\/oscar-resort.com\/wp-content\/uploads\/2015\/12\/hyo_7959-e1457076416807.jpg?fit=1000%2C601&ssl=1&resize=350%2C200","width":350,"height":200,"srcset":"https:\/\/i0.wp.com\/oscar-resort.com\/wp-content\/uploads\/2015\/12\/hyo_7959-e1457076416807.jpg?fit=1000%2C601&ssl=1&resize=350%2C200 1x, https:\/\/i0.wp.com\/oscar-resort.com\/wp-content\/uploads\/2015\/12\/hyo_7959-e1457076416807.jpg?fit=1000%2C601&ssl=1&resize=525%2C300 1.5x, https:\/\/i0.wp.com\/oscar-resort.com\/wp-content\/uploads\/2015\/12\/hyo_7959-e1457076416807.jpg?fit=1000%2C601&ssl=1&resize=700%2C400 2x"},"classes":[]},{"id":1015,"url":"https:\/\/oscar-resort.com\/tr\/rooms\/hotel-suite-room\/","url_meta":{"origin":8867,"position":4},"title":"Otel Junior S\u00fcit","author":"oscar-group","date":"Thursday February 25th, 2016","format":false,"excerpt":"Otelin ana denizi, deniz veya kara taraf\u0131na bakan odalar\u0131d\u0131r. M\u00fckemmel tasar\u0131m ve \u00f6zel teklifli konforlu odalar, l\u00fctfen rezervasyon b\u00f6l\u00fcm\u00fcndeki erken rezervasyon indirimlerini kontrol edin.Otelin ana denizi, deniz veya kara taraf\u0131na bakan odalar\u0131d\u0131r. M\u00fckemmel tasar\u0131m ve \u00f6zel teklifli konforlu odalar, l\u00fctfen rezervasyon b\u00f6l\u00fcm\u00fcndeki erken rezervasyon indirimlerini kontrol edin.Ote Ana Bina, deniz\u2026","rel":"","context":"&quot;[:en]Reservation Agreement[:de]Reservierungsvereinbarung[:tr]Sat\u0131\u015f S\u00f6zle\u015fmesi[:]&quot; i\u00e7inde","block_context":{"text":"[:en]Reservation Agreement[:de]Reservierungsvereinbarung[:tr]Sat\u0131\u015f S\u00f6zle\u015fmesi[:]","link":"https:\/\/oscar-resort.com\/tr\/category\/booking-conditions\/agreement-1\/"},"img":{"alt_text":"hotel suite view","src":"https:\/\/i0.wp.com\/oscar-resort.com\/wp-content\/uploads\/2016\/02\/hyo_9723-e1457075541107.jpg?fit=1047%2C699&ssl=1&resize=350%2C200","width":350,"height":200,"srcset":"https:\/\/i0.wp.com\/oscar-resort.com\/wp-content\/uploads\/2016\/02\/hyo_9723-e1457075541107.jpg?fit=1047%2C699&ssl=1&resize=350%2C200 1x, https:\/\/i0.wp.com\/oscar-resort.com\/wp-content\/uploads\/2016\/02\/hyo_9723-e1457075541107.jpg?fit=1047%2C699&ssl=1&resize=525%2C300 1.5x, https:\/\/i0.wp.com\/oscar-resort.com\/wp-content\/uploads\/2016\/02\/hyo_9723-e1457075541107.jpg?fit=1047%2C699&ssl=1&resize=700%2C400 2x"},"classes":[]},{"id":4,"url":"https:\/\/oscar-resort.com\/tr\/product\/","url_meta":{"origin":8867,"position":5},"title":"\u00dcr\u00fcnlerimiz","author":"oscar-group","date":"Saturday July 22nd, 2017","format":false,"excerpt":"Hasan esat isik street, no 16 Kyrenia\/Girne Kuzey K\u0131br\u0131s, Tel+ 90 392 81 54 801 mailto info@oscarresort.com","rel":"","context":"&quot;[:en]Latest News[:de]Neuesten Nachrichten[:tr]Son Haberler[:]&quot; i\u00e7inde","block_context":{"text":"[:en]Latest News[:de]Neuesten Nachrichten[:tr]Son Haberler[:]","link":"https:\/\/oscar-resort.com\/tr\/category\/blog\/latestnews\/"},"img":{"alt_text":"oscar resort hotel","src":"https:\/\/i0.wp.com\/oscar-resort.com\/wp-content\/uploads\/2020\/12\/oscarresorthtl-e1747120526600.png?fit=494%2C320&ssl=1&resize=350%2C200","width":350,"height":200},"classes":[]}],"_links":{"self":[{"href":"https:\/\/oscar-resort.com\/tr\/wp-json\/wp\/v2\/pages\/8867","targetHints":{"allow":["GET"]}}],"collection":[{"href":"https:\/\/oscar-resort.com\/tr\/wp-json\/wp\/v2\/pages"}],"about":[{"href":"https:\/\/oscar-resort.com\/tr\/wp-json\/wp\/v2\/types\/page"}],"author":[{"embeddable":true,"href":"https:\/\/oscar-resort.com\/tr\/wp-json\/wp\/v2\/users\/1"}],"replies":[{"embeddable":true,"href":"https:\/\/oscar-resort.com\/tr\/wp-json\/wp\/v2\/comments?post=8867"}],"version-history":[{"count":7,"href":"https:\/\/oscar-resort.com\/tr\/wp-json\/wp\/v2\/pages\/8867\/revisions"}],"predecessor-version":[{"id":45985,"href":"https:\/\/oscar-resort.com\/tr\/wp-json\/wp\/v2\/pages\/8867\/revisions\/45985"}],"wp:attachment":[{"href":"https:\/\/oscar-resort.com\/tr\/wp-json\/wp\/v2\/media?parent=8867"}],"curies":[{"name":"wp","href":"https:\/\/api.w.org\/{rel}","templated":true}]}}