{"id":8867,"date":"2015-12-05T14:46:32","date_gmt":"2015-12-05T12:46:32","guid":{"rendered":"https:\/\/oscar-resort.com\/cookie-policy-eu\/"},"modified":"2025-03-18T14:07:09","modified_gmt":"2025-03-18T12:07:09","slug":"cookie-policy-eu","status":"publish","type":"page","link":"https:\/\/oscar-resort.com\/en\/cookie-policy-eu\/","title":{"rendered":"Cookie policy (EU)"},"content":{"rendered":"<p><\/p>\n<h3 class=\"widget-title\">Privacy and Security Policy<\/h3>\n<div class=\"siteorigin-widget-tinymce textwidget\">\n<p>All services and services provided on our site belong to and are operated by our Oskar Ltd. Oscar Resort Hotel business registered at <a href=\"http:\/\/www.oscar-resort.com\" rel=\"nofollow\">http:\/\/www.oscar-resort.com<\/a>.<\/p>\n<p>Our company may collect personal data for various purposes. Below, it is stated how and in what way the collected personal data is collected and how and in what way this data is protected.<br \/>\nOur company undertakes to keep confidential information strictly private and confidential, to consider this as a confidentiality obligation and to take all necessary measures and show due diligence to ensure and maintain confidentiality, to prevent all or any part of the confidential information from entering the public domain or unauthorized use or disclosure to a third party.<\/p>\n<p>These situations are limited in number;<\/p>\n<p>1. To comply with the obligations imposed by the legal rules issued by the competent legal authority such as Law, Legislative Decree, Regulation, etc. and in force;<\/p>\n<p>2. To fulfill the requirements of other agreements made by our site with users and to put them into practice;<br \/>\n3. Requesting information about users for the purpose of conducting a research or investigation duly conducted by the competent administrative and judicial authority;<\/p>\n<p>4. In cases where it is necessary to provide information to protect the rights or security of users.<\/p>\n<p><strong>BROWSER COOKIES<\/strong><br \/>\nOur business may obtain information about users visiting our website and their use of the website using a technical communication file (Cookie). The technical communication files in question are small text files that a website sends to the user&#8217;s browser to be stored in the main memory. The technical communication file facilitates the use of the Internet by storing the status and preferences about the site.<br \/>\nThe technical communication file helps to obtain statistical information about how many people visit the site, for what purpose a person visits the site, how many times they visit, and how long they stay on the site, and to dynamically generate advertisements and content from user pages specially designed for users. The technical communication file is not designed to obtain data or any other personal information from the main memory or your e-mail. Most browsers are initially designed to accept technical communication files, but users can change their settings so that technical communication files are not received or a warning is given when a technical communication file is sent.<br \/>\nOur business may change the provisions of this &#8220;Privacy Policy&#8221; at any time by publishing it on the site or by publishing it on the site. If the provisions of the Privacy Policy change, they shall enter into force on the date of publication.<\/p>\n<p>You may send an e-mail to info@oscarresort.com for any questions and suggestions regarding our privacy policy. You may reach our business through the contact information below.<\/p>\n<p><\/p>\n<\/div>\n<\/div>\n<\/div>","protected":false},"excerpt":{"rendered":"<p>oscar resort hotel north cyprus kyrenia girne hotels, aqua park, water slides, wave pool, spa wellness<\/p>\n","protected":false},"author":1,"featured_media":0,"parent":0,"menu_order":0,"comment_status":"open","ping_status":"open","template":"","meta":{"jetpack_post_was_ever_published":false,"footnotes":""},"class_list":["post-8867","page","type-page","status-publish","hentry"],"aioseo_notices":[],"jetpack_sharing_enabled":true,"jetpack_shortlink":"https:\/\/wp.me\/P907gG-2j1","jetpack_likes_enabled":true,"jetpack-related-posts":[{"id":3578,"url":"https:\/\/oscar-resort.com\/en\/photo-gallery\/","url_meta":{"origin":8867,"position":0},"title":"Gallery","author":"oscar-group","date":"Monday December 28th, 2015","format":false,"excerpt":"oscar resort hotel photo gallery","rel":"","context":"In &quot;[:en]Reservation Agreement[:de]Reservierungsvereinbarung[:tr]Sat\u0131\u015f S\u00f6zle\u015fmesi[:]&quot;","block_context":{"text":"[:en]Reservation Agreement[:de]Reservierungsvereinbarung[:tr]Sat\u0131\u015f S\u00f6zle\u015fmesi[:]","link":"https:\/\/oscar-resort.com\/en\/category\/booking-conditions\/agreement-1\/"},"img":{"alt_text":"oscar resort hotel external view","src":"https:\/\/i0.wp.com\/oscar-resort.com\/wp-content\/uploads\/2016\/03\/dsc_0049.jpg?fit=1200%2C797&ssl=1&resize=350%2C200","width":350,"height":200,"srcset":"https:\/\/i0.wp.com\/oscar-resort.com\/wp-content\/uploads\/2016\/03\/dsc_0049.jpg?fit=1200%2C797&ssl=1&resize=350%2C200 1x, https:\/\/i0.wp.com\/oscar-resort.com\/wp-content\/uploads\/2016\/03\/dsc_0049.jpg?fit=1200%2C797&ssl=1&resize=525%2C300 1.5x, https:\/\/i0.wp.com\/oscar-resort.com\/wp-content\/uploads\/2016\/03\/dsc_0049.jpg?fit=1200%2C797&ssl=1&resize=700%2C400 2x, https:\/\/i0.wp.com\/oscar-resort.com\/wp-content\/uploads\/2016\/03\/dsc_0049.jpg?fit=1200%2C797&ssl=1&resize=1050%2C600 3x"},"classes":[]},{"id":849,"url":"https:\/\/oscar-resort.com\/en\/rooms\/main-hotel-sea-view\/","url_meta":{"origin":8867,"position":1},"title":"Hotel Sea View Room","author":"oscar-group","date":"Saturday February 20th, 2016","format":false,"excerpt":"main hotel standard sea view rooms, ensuite, safe box, lcd secreen satellite tv, air condition, double or twin beds, balcony, electronic door locking systems. Please check promotion and discounted rates on our offi\u00f6cial website","rel":"","context":"In &quot;[:en]Reservation Agreement[:de]Reservierungsvereinbarung[:tr]Sat\u0131\u015f S\u00f6zle\u015fmesi[:]&quot;","block_context":{"text":"[:en]Reservation Agreement[:de]Reservierungsvereinbarung[:tr]Sat\u0131\u015f S\u00f6zle\u015fmesi[:]","link":"https:\/\/oscar-resort.com\/en\/category\/booking-conditions\/agreement-1\/"},"img":{"alt_text":"sea-view-hotel-rooms","src":"https:\/\/i0.wp.com\/oscar-resort.com\/wp-content\/uploads\/2015\/12\/20170119_142656-e1611921422891.jpg?fit=1049%2C590&ssl=1&resize=350%2C200","width":350,"height":200,"srcset":"https:\/\/i0.wp.com\/oscar-resort.com\/wp-content\/uploads\/2015\/12\/20170119_142656-e1611921422891.jpg?fit=1049%2C590&ssl=1&resize=350%2C200 1x, https:\/\/i0.wp.com\/oscar-resort.com\/wp-content\/uploads\/2015\/12\/20170119_142656-e1611921422891.jpg?fit=1049%2C590&ssl=1&resize=525%2C300 1.5x, https:\/\/i0.wp.com\/oscar-resort.com\/wp-content\/uploads\/2015\/12\/20170119_142656-e1611921422891.jpg?fit=1049%2C590&ssl=1&resize=700%2C400 2x"},"classes":[]},{"id":3573,"url":"https:\/\/oscar-resort.com\/en\/rooms\/","url_meta":{"origin":8867,"position":2},"title":"Rooms","author":"oscar-group","date":"Saturday June 17th, 2023","format":false,"excerpt":"Kuzey K\u0131br\u0131s g\u00fcne\u015finde geleneksel aile tatili, herkesin keyfini \u00e7\u0131karaca\u011f\u0131 pek \u00e7ok yer ile Oscar Resort Hotel ideal bir se\u00e7imdir. \u00c7ocuklar, bu iyi y\u00f6netilen ve pop\u00fcler otelin sundu\u011fu her \u015feye bay\u0131lacak.","rel":"","context":"In &quot;[:en]Latest News[:de]Neuesten Nachrichten[:tr]Son Haberler[:]&quot;","block_context":{"text":"[:en]Latest News[:de]Neuesten Nachrichten[:tr]Son Haberler[:]","link":"https:\/\/oscar-resort.com\/en\/category\/blog\/latestnews\/"},"img":{"alt_text":"king suite master bed","src":"https:\/\/i0.wp.com\/oscar-resort.com\/wp-content\/uploads\/2015\/12\/hyo_7926-e1456730536529.jpg?fit=1049%2C592&ssl=1&resize=350%2C200","width":350,"height":200,"srcset":"https:\/\/i0.wp.com\/oscar-resort.com\/wp-content\/uploads\/2015\/12\/hyo_7926-e1456730536529.jpg?fit=1049%2C592&ssl=1&resize=350%2C200 1x, https:\/\/i0.wp.com\/oscar-resort.com\/wp-content\/uploads\/2015\/12\/hyo_7926-e1456730536529.jpg?fit=1049%2C592&ssl=1&resize=525%2C300 1.5x, https:\/\/i0.wp.com\/oscar-resort.com\/wp-content\/uploads\/2015\/12\/hyo_7926-e1456730536529.jpg?fit=1049%2C592&ssl=1&resize=700%2C400 2x"},"classes":[]},{"id":1030,"url":"https:\/\/oscar-resort.com\/en\/rooms\/inter-connecting\/","url_meta":{"origin":8867,"position":3},"title":"Interconnecting Room","author":"oscar-group","date":"Thursday February 25th, 2016","format":false,"excerpt":"Room Amenities Offering the added comforts of a queen size bed, lounge\/dining area, large LCD t.v and with an additional interconnecting bedroom and 2nd en suite. Master En suite bathroom with w.c, shower, hairdryer and electric shaving point. All bedrooms are carpeted and are fitted with ample wardrobes and cupboards.Amenities\u2026","rel":"","context":"In &quot;[:en]Reservation Agreement[:de]Reservierungsvereinbarung[:tr]Sat\u0131\u015f S\u00f6zle\u015fmesi[:]&quot;","block_context":{"text":"[:en]Reservation Agreement[:de]Reservierungsvereinbarung[:tr]Sat\u0131\u015f S\u00f6zle\u015fmesi[:]","link":"https:\/\/oscar-resort.com\/en\/category\/booking-conditions\/agreement-1\/"},"img":{"alt_text":"king suite main building king suit","src":"https:\/\/i0.wp.com\/oscar-resort.com\/wp-content\/uploads\/2015\/12\/hyo_7959-e1457076416807.jpg?fit=1000%2C601&ssl=1&resize=350%2C200","width":350,"height":200,"srcset":"https:\/\/i0.wp.com\/oscar-resort.com\/wp-content\/uploads\/2015\/12\/hyo_7959-e1457076416807.jpg?fit=1000%2C601&ssl=1&resize=350%2C200 1x, https:\/\/i0.wp.com\/oscar-resort.com\/wp-content\/uploads\/2015\/12\/hyo_7959-e1457076416807.jpg?fit=1000%2C601&ssl=1&resize=525%2C300 1.5x, https:\/\/i0.wp.com\/oscar-resort.com\/wp-content\/uploads\/2015\/12\/hyo_7959-e1457076416807.jpg?fit=1000%2C601&ssl=1&resize=700%2C400 2x"},"classes":[]},{"id":1015,"url":"https:\/\/oscar-resort.com\/en\/rooms\/hotel-suite-room\/","url_meta":{"origin":8867,"position":4},"title":"Hotel Suite Room","author":"oscar-group","date":"Thursday February 25th, 2016","format":false,"excerpt":"main hotel suite rooms over looking to sea or land side of the hotel. Superb design and comfortable rooms with special offer prices please check early booking discounts on our reservation division","rel":"","context":"In &quot;[:en]Reservation Agreement[:de]Reservierungsvereinbarung[:tr]Sat\u0131\u015f S\u00f6zle\u015fmesi[:]&quot;","block_context":{"text":"[:en]Reservation Agreement[:de]Reservierungsvereinbarung[:tr]Sat\u0131\u015f S\u00f6zle\u015fmesi[:]","link":"https:\/\/oscar-resort.com\/en\/category\/booking-conditions\/agreement-1\/"},"img":{"alt_text":"hotel suite view","src":"https:\/\/i0.wp.com\/oscar-resort.com\/wp-content\/uploads\/2016\/02\/hyo_9723-e1457075541107.jpg?fit=1047%2C699&ssl=1&resize=350%2C200","width":350,"height":200,"srcset":"https:\/\/i0.wp.com\/oscar-resort.com\/wp-content\/uploads\/2016\/02\/hyo_9723-e1457075541107.jpg?fit=1047%2C699&ssl=1&resize=350%2C200 1x, https:\/\/i0.wp.com\/oscar-resort.com\/wp-content\/uploads\/2016\/02\/hyo_9723-e1457075541107.jpg?fit=1047%2C699&ssl=1&resize=525%2C300 1.5x, https:\/\/i0.wp.com\/oscar-resort.com\/wp-content\/uploads\/2016\/02\/hyo_9723-e1457075541107.jpg?fit=1047%2C699&ssl=1&resize=700%2C400 2x"},"classes":[]},{"id":4,"url":"https:\/\/oscar-resort.com\/en\/product\/","url_meta":{"origin":8867,"position":5},"title":"Our Products","author":"oscar-group","date":"Saturday July 22nd, 2017","format":false,"excerpt":"Hasan esat isik street, no 16 Kyrenia\/Girne North Cyprus, Tel+ 90 392 81 54 801 mailto info@oscarresort.com","rel":"","context":"In &quot;[:en]Latest News[:de]Neuesten Nachrichten[:tr]Son Haberler[:]&quot;","block_context":{"text":"[:en]Latest News[:de]Neuesten Nachrichten[:tr]Son Haberler[:]","link":"https:\/\/oscar-resort.com\/en\/category\/blog\/latestnews\/"},"img":{"alt_text":"oscar resort hotel","src":"https:\/\/i0.wp.com\/oscar-resort.com\/wp-content\/uploads\/2020\/12\/oscarresorthtl-e1747120526600.png?fit=494%2C320&ssl=1&resize=350%2C200","width":350,"height":200},"classes":[]}],"_links":{"self":[{"href":"https:\/\/oscar-resort.com\/en\/wp-json\/wp\/v2\/pages\/8867","targetHints":{"allow":["GET"]}}],"collection":[{"href":"https:\/\/oscar-resort.com\/en\/wp-json\/wp\/v2\/pages"}],"about":[{"href":"https:\/\/oscar-resort.com\/en\/wp-json\/wp\/v2\/types\/page"}],"author":[{"embeddable":true,"href":"https:\/\/oscar-resort.com\/en\/wp-json\/wp\/v2\/users\/1"}],"replies":[{"embeddable":true,"href":"https:\/\/oscar-resort.com\/en\/wp-json\/wp\/v2\/comments?post=8867"}],"version-history":[{"count":7,"href":"https:\/\/oscar-resort.com\/en\/wp-json\/wp\/v2\/pages\/8867\/revisions"}],"predecessor-version":[{"id":45985,"href":"https:\/\/oscar-resort.com\/en\/wp-json\/wp\/v2\/pages\/8867\/revisions\/45985"}],"wp:attachment":[{"href":"https:\/\/oscar-resort.com\/en\/wp-json\/wp\/v2\/media?parent=8867"}],"curies":[{"name":"wp","href":"https:\/\/api.w.org\/{rel}","templated":true}]}}