{"id":1861,"date":"2025-03-30T08:41:55","date_gmt":"2025-03-30T06:41:55","guid":{"rendered":"http:\/\/www.oscar-resort.com\/oscar\/?page_id=1861"},"modified":"2025-05-08T13:28:48","modified_gmt":"2025-05-08T11:28:48","slug":"meeting-conference","status":"publish","type":"page","link":"https:\/\/oscar-resort.com\/en\/meeting-conference\/","title":{"rendered":"Meeting Conference"},"content":{"rendered":"<div id=\"pl-1861\"  class=\"panel-layout\" ><div id=\"pg-1861-0\"  class=\"panel-grid panel-has-style\"  style=\"margin-bottom: 25px\" ><div style=\"padding: 1px 1px 1px 1px;\" class=\"panel-row-style panel-row-style-for-1861-0\" ><div id=\"pgc-1861-0-0\"  class=\"panel-grid-cell\" ><div id=\"panel-1861-0-0-0\" class=\"so-panel widget widget_sow-headline panel-first-child panel-last-child\" data-index=\"0\" ><div style=\"padding: 1px 1px 1px 1px;\" class=\"panel-widget-style panel-widget-style-for-1861-0-0-0\" ><div\n\t\t\t\n\t\t\tclass=\"so-widget-sow-headline so-widget-sow-headline-default-cdb56acdfca4-1861\"\n\t\t\t\n\t\t><div class=\"sow-headline-container \">\n\t\t\t\t\t\t\t<h1 class=\"sow-headline\">\n\t\t\t\t\t\tMeetings, Conerance, Prom and Special Events\t\t\t\t\t\t<\/h1>\n\t\t\t\t\t\t\t\t\t\t\t<div class=\"decoration\">\n\t\t\t\t\t\t<div class=\"decoration-inside\"><\/div>\n\t\t\t\t\t<\/div>\n\t\t\t\t\t\t\t\t\t\t\t<h3 class=\"sow-sub-headline\">\n\t\t\t\t\t\tat Kyrenia North Cyprus  feel free to use the Oscar Resort Hotel's meeting space capacities chart below to help in your event planning.  Oscar Resort Hotel in Kyrenia event planning for sleeping rooms and meeting space for corporate events, weddings, meetings, parties and conventions\t\t\t\t\t\t<\/h3>\n\t\t\t\t\t\t<\/div>\n<\/div><\/div><\/div><\/div><\/div><\/div><div id=\"pg-1861-1\"  class=\"panel-grid panel-has-style\"  style=\"margin-bottom: 25px\" ><div style=\"padding: 1px 1px 1px 1px;\" class=\"panel-row-style panel-row-style-for-1861-1\" ><div id=\"pgc-1861-1-0\"  class=\"panel-grid-cell\" ><div id=\"panel-1861-1-0-0\" class=\"so-panel widget widget_sow-layout-slider panel-first-child panel-last-child\" data-index=\"1\" ><div\n\t\t\t\n\t\t\tclass=\"so-widget-sow-layout-slider so-widget-sow-layout-slider-default-2f4785bb863b-1861\"\n\t\t\t\n\t\t>\t\t\t\t<div class=\"sow-slider-base\" style=\"display: none\" tabindex=\"0\">\n\t\t\t\t\t<ul\n\t\t\t\t\tclass=\"sow-slider-images\"\n\t\t\t\t\tdata-settings=\"{&quot;pagination&quot;:true,&quot;speed&quot;:800,&quot;timeout&quot;:2000,&quot;paused&quot;:false,&quot;pause_on_hover&quot;:false,&quot;swipe&quot;:true,&quot;nav_always_show_desktop&quot;:&quot;&quot;,&quot;nav_always_show_mobile&quot;:&quot;&quot;,&quot;breakpoint&quot;:&quot;780px&quot;,&quot;unmute&quot;:false,&quot;anchor&quot;:null}\"\n\t\t\t\t\tstyle=\"min-height: 500px\"\t\t\t\t\tdata-anchor-id=\"\"\n\t\t\t\t>\t\t<li class=\"sow-slider-image  sow-slider-image-cover\" style=\"visibility: visible;;background-color: #333333;background-image: url(https:\/\/i0.wp.com\/oscar-resort.com\/wp-content\/uploads\/2016\/03\/0015_fhd1370.jpg?fit=1600%2C1068&#038;ssl=1)\" >\n\t\t\t\t\t<div class=\"sow-slider-image-container\">\n\t\t\t<div class=\"sow-slider-image-wrapper\">\n\t\t\t\t\t\t\t<\/div>\n\t\t<\/div>\n\t\t\t\t<\/li>\n\t\t\t\t<li class=\"sow-slider-image  sow-slider-image-cover\" style=\"visibility: hidden;;background-color: #333333\" data-background=\"url(https:\/\/i0.wp.com\/oscar-resort.com\/wp-content\/uploads\/2016\/03\/0024_fhd1379.jpg?fit=1600%2C1068&#038;ssl=1)\" >\n\t\t\t\t\t<div class=\"sow-slider-image-container\">\n\t\t\t<div class=\"sow-slider-image-wrapper\">\n\t\t\t\t\t\t\t<\/div>\n\t\t<\/div>\n\t\t\t\t<\/li>\n\t\t\t\t<li class=\"sow-slider-image  sow-slider-image-cover\" style=\"visibility: hidden;;background-color: #333333\" data-background=\"url(https:\/\/i0.wp.com\/oscar-resort.com\/wp-content\/uploads\/2016\/03\/0027_fhd1382.jpg?fit=1600%2C1068&#038;ssl=1)\" >\n\t\t\t\t\t<div class=\"sow-slider-image-container\">\n\t\t\t<div class=\"sow-slider-image-wrapper\">\n\t\t\t\t\t\t\t<\/div>\n\t\t<\/div>\n\t\t\t\t<\/li>\n\t\t<\/ul>\t\t\t\t<ol class=\"sow-slider-pagination\">\n\t\t\t\t\t\t\t\t\t\t\t<li><a href=\"#\" data-goto=\"0\" aria-label=\"Display slide 1\"><\/a><\/li>\n\t\t\t\t\t\t\t\t\t\t\t<li><a href=\"#\" data-goto=\"1\" aria-label=\"Display slide 2\"><\/a><\/li>\n\t\t\t\t\t\t\t\t\t\t\t<li><a href=\"#\" data-goto=\"2\" aria-label=\"Display slide 3\"><\/a><\/li>\n\t\t\t\t\t\t\t\t\t<\/ol>\n\n\t\t\t\t<div class=\"sow-slide-nav sow-slide-nav-next\">\n\t\t\t\t\t<a href=\"#\" data-goto=\"next\" aria-label=\"Next slide\" data-action=\"next\">\n\t\t\t\t\t\t<em class=\"sow-sld-icon-thin-right\"><\/em>\n\t\t\t\t\t<\/a>\n\t\t\t\t<\/div>\n\n\t\t\t\t<div class=\"sow-slide-nav sow-slide-nav-prev\">\n\t\t\t\t\t<a href=\"#\" data-goto=\"previous\" aria-label=\"Previous slide\" data-action=\"prev\">\n\t\t\t\t\t\t<em class=\"sow-sld-icon-thin-left\"><\/em>\n\t\t\t\t\t<\/a>\n\t\t\t\t<\/div>\n\t\t\t\t<\/div><\/div><\/div><\/div><\/div><\/div><div id=\"pg-1861-2\"  class=\"panel-grid panel-has-style\"  style=\"margin-bottom: 25px\" ><div style=\"padding: 1px 1px 1px 1px;\" class=\"panel-row-style panel-row-style-for-1861-2\" ><div id=\"pgc-1861-2-0\"  class=\"panel-grid-cell\" ><div id=\"panel-1861-2-0-0\" class=\"so-panel widget widget_sow-price-table panel-first-child panel-last-child\" data-index=\"2\" ><div style=\"padding: 1px 1px 1px 1px;\" class=\"panel-widget-style panel-widget-style-for-1861-2-0-0\" ><div\n\t\t\t\n\t\t\tclass=\"so-widget-sow-price-table so-widget-sow-price-table-atom-5d0e27818515-1861\"\n\t\t\t\n\t\t>\n<h3 class=\"widget-title\">Price Details<\/h3>\n<div class=\"ow-pt-columns-atom\">\n\n\t\t\t<div class=\"ow-pt-column ow-pt-first ow-pt-featured ow-pt-even ow-pt-on-sale\"\n\t\t\tstyle=\"width: 50%\">\n\t\t\t<div class=\"ow-pt-title\">\n\t\t\t\tMeeting Space for small groups\t\t\t\t\t\t\t\t\t<div class=\"ow-pt-subtitle\">\n\t\t\t\t\t\t1000 sq meter\t\t\t\t\t<\/div>\n\t\t\t\t\t\t\t<\/div>\n\n\t\t\t<div class=\"ow-pt-details\">\n\t\t\t\t<div class=\"ow-pt-price\">\n\t\t\t\t\t1800 \u20ac\t\t\t\t<\/div>\n\t\t\t\t\t\t\t\t\t<span class=\"ow-pt-sale-price\">\n\t\t\t\t\t\t1,500 \u20ac\t\t\t\t\t<\/span>\n\t\t\t\t\t\t\t\t<div class=\"ow-pt-per\">4 Hours meeting<\/div>\n\t\t\t<\/div>\n\n\t\t\t\t\t\t\t<div class=\"ow-pt-image\">\n\t\t\t\t\t<img decoding=\"async\" src=\"https:\/\/i0.wp.com\/oscar-resort.com\/wp-content\/uploads\/2015\/12\/oscar-balo-salonu-3-e1746702637333.jpg?fit=426%2C283&#038;ssl=1\" srcset=\"https:\/\/i0.wp.com\/oscar-resort.com\/wp-content\/uploads\/2015\/12\/oscar-balo-salonu-3-e1746702637333.jpg?w=426&amp;ssl=1 426w, https:\/\/i0.wp.com\/oscar-resort.com\/wp-content\/uploads\/2015\/12\/oscar-balo-salonu-3-e1746702637333.jpg?resize=300%2C199&amp;ssl=1 300w, https:\/\/i0.wp.com\/oscar-resort.com\/wp-content\/uploads\/2015\/12\/oscar-balo-salonu-3-e1746702637333.jpg?resize=272%2C182&amp;ssl=1 272w\" sizes=\"(max-width: 426px) 100vw, 426px\" title=\"Meeting Facilities\" alt=\"Cinevision, Voice speaker system, white board, surround system, welcome desk\"\/> \t\t\t\t<\/div>\n\t\t\t\n\t\t\t<div class=\"ow-pt-features\">\n\t\t\t\t\t\t\t<\/div>\n\n\t\t\t\t\t\t\t<div class=\"ow-pt-button\">\n\t\t\t\t\t<a\n\t\t\t\t\t\thref=\"https:\/\/oscar-resort.com\/en\/contact\/\"\n\t\t\t\t\t\tclass=\"ow-pt-link\" target=\"_blank\" rel=\"noopener noreferrer\" \t\t\t\t\t>Order<\/a>\n\t\t\t\t<\/div>\n\t\t\t\t\t<\/div>\n\t\t\t\t<div class=\"ow-pt-column ow-pt-last ow-pt-featured ow-pt-odd ow-pt-on-sale\"\n\t\t\tstyle=\"width: 50%\">\n\t\t\t<div class=\"ow-pt-title\">\n\t\t\t\tOpen Buffet \t\t\t\t\t\t\t\t\t<div class=\"ow-pt-subtitle\">\n\t\t\t\t\t\tPrice Depending on group size\t\t\t\t\t<\/div>\n\t\t\t\t\t\t\t<\/div>\n\n\t\t\t<div class=\"ow-pt-details\">\n\t\t\t\t<div class=\"ow-pt-price\">\n\t\t\t\t\t35 \u20ac \t\t\t\t<\/div>\n\t\t\t\t\t\t\t\t\t<span class=\"ow-pt-sale-price\">\n\t\t\t\t\t\t30 \u20ac\t\t\t\t\t<\/span>\n\t\t\t\t\t\t\t\t<div class=\"ow-pt-per\">Per Person including one soft drink<\/div>\n\t\t\t<\/div>\n\n\t\t\t\t\t\t\t<div class=\"ow-pt-image\">\n\t\t\t\t\t<img decoding=\"async\" src=\"https:\/\/i0.wp.com\/oscar-resort.com\/wp-content\/uploads\/2015\/12\/oscar-balo-salonu-2-e1746702709587.jpg?fit=426%2C283&#038;ssl=1\" srcset=\"https:\/\/i0.wp.com\/oscar-resort.com\/wp-content\/uploads\/2015\/12\/oscar-balo-salonu-2-e1746702709587.jpg?w=426&amp;ssl=1 426w, https:\/\/i0.wp.com\/oscar-resort.com\/wp-content\/uploads\/2015\/12\/oscar-balo-salonu-2-e1746702709587.jpg?resize=300%2C199&amp;ssl=1 300w, https:\/\/i0.wp.com\/oscar-resort.com\/wp-content\/uploads\/2015\/12\/oscar-balo-salonu-2-e1746702709587.jpg?resize=272%2C182&amp;ssl=1 272w\" sizes=\"(max-width: 426px) 100vw, 426px\" title=\"Restaurant\" alt=\"table\"\/> \t\t\t\t<\/div>\n\t\t\t\n\t\t\t<div class=\"ow-pt-features\">\n\t\t\t\t\t\t\t<\/div>\n\n\t\t\t\t\t\t\t<div class=\"ow-pt-button\">\n\t\t\t\t\t<a\n\t\t\t\t\t\thref=\"https:\/\/oscar-resort.com\/en\/contact\/\"\n\t\t\t\t\t\tclass=\"ow-pt-link\" target=\"_blank\" rel=\"noopener noreferrer\" \t\t\t\t\t>Order<\/a>\n\t\t\t\t<\/div>\n\t\t\t\t\t<\/div>\n\t\t<\/div>\n<\/div><\/div><\/div><\/div><\/div><\/div><div id=\"pg-1861-3\"  class=\"panel-grid panel-has-style\"  style=\"margin-bottom: 25px\" ><div style=\"padding: 1px 1px 1px 1px;\" class=\"panel-row-style panel-row-style-for-1861-3\" ><div id=\"pgc-1861-3-0\"  class=\"panel-grid-cell\" ><div id=\"panel-1861-3-0-0\" class=\"widget_text so-panel widget widget_custom_html panel-first-child\" data-index=\"3\" style=\"margin-bottom: 25px\" ><h3 class=\"widget-title\">Meetings<\/h3><div class=\"textwidget custom-html-widget\">Cinema Scheme: 800 people\nClassroom layout: 80 rectangular table= 160 pax + 12 Round table = 10 Pax\nU Shape layout: 30 rectangular table = 60 pax + 12 Round table = 10 Pax\nTheater style: 550 Pax with no table.\nEquipment's<li>Wide Screen 4mt x 6mt<\/li>\n<li>Laptop compatible Cine vision<\/li>\n<li>Sound and microphone system<\/li>\n<li>speaker podium<\/li>\n<li>Protocol speaker desk<\/li>\n<li>Reception desk<\/li>\n<li>Small foyer area<\/li>\n<li>wc man\/woman<\/li>\n<li>Air conditioner, ventilation system<\/li><\/div><\/div><div id=\"panel-1861-3-0-1\" class=\"widget_text so-panel widget widget_custom_html panel-last-child\" data-index=\"4\" ><h3 class=\"widget-title\">Organisations<\/h3><div class=\"textwidget custom-html-widget\"><b-quote>Oscar Resort Hotel:<li>Meetings<\/li> <li>Seminars<\/li> <li>Conference<\/li><li>Ball events<\/li> <li>Wedding arrangements<\/li> <li>Special events<\/li> <\/b-quote><strong><li>Origination contact:<\/li><ul>Tel: +90 (392) 81 54801<\/ul><ul>Tel: +90 (392) 650 97 00<\/ul><ul>info@oscarresort.com<\/ul><ul>info@oscar-resort.com<\/ul><\/strong><\/div><\/div><\/div><\/div><\/div><div id=\"pg-1861-4\"  class=\"panel-grid panel-no-style\"  style=\"margin-bottom: 25px\" ><div id=\"pgc-1861-4-0\"  class=\"panel-grid-cell\" ><div id=\"panel-1861-4-0-0\" class=\"so-panel widget widget_sow-image panel-first-child panel-last-child\" data-index=\"5\" ><div\n\t\t\t\n\t\t\tclass=\"so-widget-sow-image so-widget-sow-image-default-8b5b6f678277-1861\"\n\t\t\t\n\t\t><h3 class=\"widget-title\">Meeting Space<\/h3>\n<div class=\"sow-image-container\">\n\t\t<img \n\tsrc=\"https:\/\/i0.wp.com\/oscar-resort.com\/wp-content\/uploads\/2021\/01\/meetinghall.jpg?fit=1312%2C360&amp;ssl=1\" width=\"1312\" height=\"360\" srcset=\"https:\/\/i0.wp.com\/oscar-resort.com\/wp-content\/uploads\/2021\/01\/meetinghall.jpg?w=1312&amp;ssl=1 1312w, https:\/\/i0.wp.com\/oscar-resort.com\/wp-content\/uploads\/2021\/01\/meetinghall.jpg?resize=600%2C165&amp;ssl=1 600w, https:\/\/i0.wp.com\/oscar-resort.com\/wp-content\/uploads\/2021\/01\/meetinghall.jpg?resize=300%2C82&amp;ssl=1 300w, https:\/\/i0.wp.com\/oscar-resort.com\/wp-content\/uploads\/2021\/01\/meetinghall.jpg?resize=1024%2C281&amp;ssl=1 1024w, https:\/\/i0.wp.com\/oscar-resort.com\/wp-content\/uploads\/2021\/01\/meetinghall.jpg?resize=768%2C211&amp;ssl=1 768w, https:\/\/i0.wp.com\/oscar-resort.com\/wp-content\/uploads\/2021\/01\/meetinghall.jpg?resize=1200%2C329&amp;ssl=1 1200w\" title=\"Meeting Space\" alt=\"Total meeting space 8,611 sq. ft.\" \t\tclass=\"so-widget-image\"\/>\n\t<\/div>\n\n<\/div><\/div><\/div><\/div><div id=\"pg-1861-5\"  class=\"panel-grid panel-no-style\"  style=\"margin-bottom: 25px\" ><div id=\"pgc-1861-5-0\"  class=\"panel-grid-cell\" ><div id=\"panel-1861-5-0-0\" class=\"widget_text so-panel widget widget_custom_html panel-first-child panel-last-child\" data-index=\"6\" ><h3 class=\"widget-title\">More&#8230;<\/h3><div class=\"textwidget custom-html-widget\">Distance from airport\n\n    21.75 mi. from venue\n\nParking\n\n    Valet parking\n    Street parking\n\nMore\n\nOscar Resort is a well established Holiday complex, located in an enviable position, straddling the sparkling unique waters of the Mediterranean on one side and the imposing Five Fingers Mountains on the other. We have 602 guest rooms available to accommodate your stay here.\nCancellation Policy\nFree cancellation available 30 days prior arrival date.\nCancellation with in 29-15 days 50% penalty of no show and non refundable.\nCancellation 15-1 days penalty of no show and non refundable\n\nFacility Restrictions\nNo pets allowed. Guest must show their ID card or passport at the time of C\/in.<\/div><\/div><\/div><\/div><div id=\"pg-1861-6\"  class=\"panel-grid panel-has-style\"  style=\"margin-bottom: 25px\" ><div style=\"padding: 1px 1px 1px 1px;\" class=\"panel-row-style panel-row-style-for-1861-6\" ><div id=\"pgc-1861-6-0\"  class=\"panel-grid-cell\" ><div id=\"panel-1861-6-0-0\" class=\"so-panel widget widget_sow-layout-slider panel-first-child panel-last-child\" data-index=\"7\" ><div\n\t\t\t\n\t\t\tclass=\"so-widget-sow-layout-slider so-widget-sow-layout-slider-default-95ab591434fe-1861\"\n\t\t\t\n\t\t>\t\t\t\t<div class=\"sow-slider-base\" style=\"display: none\" tabindex=\"0\">\n\t\t\t\t\t<ul\n\t\t\t\t\tclass=\"sow-slider-images\"\n\t\t\t\t\tdata-settings=\"{&quot;pagination&quot;:true,&quot;speed&quot;:800,&quot;timeout&quot;:2000,&quot;paused&quot;:false,&quot;pause_on_hover&quot;:false,&quot;swipe&quot;:true,&quot;nav_always_show_desktop&quot;:&quot;&quot;,&quot;nav_always_show_mobile&quot;:&quot;&quot;,&quot;breakpoint&quot;:&quot;780px&quot;,&quot;unmute&quot;:false,&quot;anchor&quot;:null}\"\n\t\t\t\t\tstyle=\"min-height: 300px\"\t\t\t\t\tdata-anchor-id=\"\"\n\t\t\t\t>\t\t<li class=\"sow-slider-image  sow-slider-image-cover\" style=\"visibility: visible;;background-color: #333333;background-image: url(https:\/\/i0.wp.com\/oscar-resort.com\/wp-content\/uploads\/2016\/03\/0011_fhd1365-kopya.jpg?fit=1068%2C1600&#038;ssl=1)\" >\n\t\t\t\t\t<div class=\"sow-slider-image-container\">\n\t\t\t<div class=\"sow-slider-image-wrapper\">\n\t\t\t\t\t\t\t<\/div>\n\t\t<\/div>\n\t\t\t\t<\/li>\n\t\t\t\t<li class=\"sow-slider-image  sow-slider-image-cover\" style=\"visibility: hidden;;background-color: #333333\" data-background=\"url(https:\/\/i0.wp.com\/oscar-resort.com\/wp-content\/uploads\/2016\/03\/0014_fhd1369.jpg?fit=1600%2C1068&#038;ssl=1)\" >\n\t\t\t\t\t<div class=\"sow-slider-image-container\">\n\t\t\t<div class=\"sow-slider-image-wrapper\">\n\t\t\t\t\t\t\t<\/div>\n\t\t<\/div>\n\t\t\t\t<\/li>\n\t\t\t\t<li class=\"sow-slider-image  sow-slider-image-cover\" style=\"visibility: hidden;;background-color: #333333\" data-background=\"url(https:\/\/i0.wp.com\/oscar-resort.com\/wp-content\/uploads\/2016\/03\/0023_fhd1378.jpg?fit=1068%2C1600&#038;ssl=1)\" >\n\t\t\t\t\t<div class=\"sow-slider-image-container\">\n\t\t\t<div class=\"sow-slider-image-wrapper\">\n\t\t\t\t\t\t\t<\/div>\n\t\t<\/div>\n\t\t\t\t<\/li>\n\t\t<\/ul>\t\t\t\t<ol class=\"sow-slider-pagination\">\n\t\t\t\t\t\t\t\t\t\t\t<li><a href=\"#\" data-goto=\"0\" aria-label=\"Display slide 1\"><\/a><\/li>\n\t\t\t\t\t\t\t\t\t\t\t<li><a href=\"#\" data-goto=\"1\" aria-label=\"Display slide 2\"><\/a><\/li>\n\t\t\t\t\t\t\t\t\t\t\t<li><a href=\"#\" data-goto=\"2\" aria-label=\"Display slide 3\"><\/a><\/li>\n\t\t\t\t\t\t\t\t\t<\/ol>\n\n\t\t\t\t<div class=\"sow-slide-nav sow-slide-nav-next\">\n\t\t\t\t\t<a href=\"#\" data-goto=\"next\" aria-label=\"Next slide\" data-action=\"next\">\n\t\t\t\t\t\t<em class=\"sow-sld-icon-thin-right\"><\/em>\n\t\t\t\t\t<\/a>\n\t\t\t\t<\/div>\n\n\t\t\t\t<div class=\"sow-slide-nav sow-slide-nav-prev\">\n\t\t\t\t\t<a href=\"#\" data-goto=\"previous\" aria-label=\"Previous slide\" data-action=\"prev\">\n\t\t\t\t\t\t<em class=\"sow-sld-icon-thin-left\"><\/em>\n\t\t\t\t\t<\/a>\n\t\t\t\t<\/div>\n\t\t\t\t<\/div><\/div><\/div><\/div><\/div><\/div><\/div>","protected":false},"excerpt":{"rendered":"<p>Corporate Events. Our well-equipped,  meeting and conference facilities could provide the perfect venue for your next meeting, seminar or conference. Find out more about our facilities<\/p>\n","protected":false},"author":1,"featured_media":130,"parent":0,"menu_order":4,"comment_status":"closed","ping_status":"closed","template":"templates\/page-right-sidebar.php","meta":{"jetpack_post_was_ever_published":false,"footnotes":""},"class_list":["post-1861","page","type-page","status-publish","has-post-thumbnail","hentry"],"aioseo_notices":[],"jetpack_sharing_enabled":true,"jetpack_shortlink":"https:\/\/wp.me\/P907gG-u1","jetpack_likes_enabled":true,"jetpack-related-posts":[{"id":1145,"url":"https:\/\/oscar-resort.com\/en\/aboutus\/","url_meta":{"origin":1861,"position":0},"title":"AboutUs","author":"manager","date":"Friday May  9th, 2025","format":false,"excerpt":"welcome to the oscar-resort-hotel kyrenia official website","rel":"","context":"In &quot;[:en]Latest News[:de]Neuesten Nachrichten[:tr]Son Haberler[:]&quot;","block_context":{"text":"[:en]Latest News[:de]Neuesten Nachrichten[:tr]Son Haberler[:]","link":"https:\/\/oscar-resort.com\/en\/category\/blog\/latestnews\/"},"img":{"alt_text":"oscar resort hotel beach","src":"https:\/\/i0.wp.com\/oscar-resort.com\/wp-content\/uploads\/2024\/08\/20240810_171009-e1743837500327.jpg?fit=736%2C339&ssl=1&resize=350%2C200","width":350,"height":200,"srcset":"https:\/\/i0.wp.com\/oscar-resort.com\/wp-content\/uploads\/2024\/08\/20240810_171009-e1743837500327.jpg?fit=736%2C339&ssl=1&resize=350%2C200 1x, https:\/\/i0.wp.com\/oscar-resort.com\/wp-content\/uploads\/2024\/08\/20240810_171009-e1743837500327.jpg?fit=736%2C339&ssl=1&resize=525%2C300 1.5x, https:\/\/i0.wp.com\/oscar-resort.com\/wp-content\/uploads\/2024\/08\/20240810_171009-e1743837500327.jpg?fit=736%2C339&ssl=1&resize=700%2C400 2x"},"classes":[]},{"id":8867,"url":"https:\/\/oscar-resort.com\/en\/cookie-policy-eu\/","url_meta":{"origin":1861,"position":1},"title":"Cookie policy (EU)","author":"oscar-group","date":"Saturday December  5th, 2015","format":false,"excerpt":"oscar resort hotel north cyprus kyrenia girne hotels, aqua park, water slides, wave pool, spa wellness","rel":"","context":"Similar post","block_context":{"text":"Similar post","link":""},"img":{"alt_text":"","src":"","width":0,"height":0},"classes":[]},{"id":366,"url":"https:\/\/oscar-resort.com\/en\/spa-wellness\/","url_meta":{"origin":1861,"position":2},"title":"Spa Wellness","author":"oscar-group","date":"Monday January 30th, 2023","format":false,"excerpt":"Oscar Resort Hotel spa & wellness offers your superb massage treatments including a free sauna, steam bath, and indoor pool","rel":"","context":"In \"hammam\"","block_context":{"text":"hammam","link":"https:\/\/oscar-resort.com\/en\/tag\/hammam\/"},"img":{"alt_text":"oscar spa hammam sauna","src":"https:\/\/i0.wp.com\/oscar-resort.com\/wp-content\/uploads\/2016\/01\/turkish-hamam-2-e1456575706276.jpg?fit=1048%2C699&ssl=1&resize=350%2C200","width":350,"height":200,"srcset":"https:\/\/i0.wp.com\/oscar-resort.com\/wp-content\/uploads\/2016\/01\/turkish-hamam-2-e1456575706276.jpg?fit=1048%2C699&ssl=1&resize=350%2C200 1x, https:\/\/i0.wp.com\/oscar-resort.com\/wp-content\/uploads\/2016\/01\/turkish-hamam-2-e1456575706276.jpg?fit=1048%2C699&ssl=1&resize=525%2C300 1.5x, https:\/\/i0.wp.com\/oscar-resort.com\/wp-content\/uploads\/2016\/01\/turkish-hamam-2-e1456575706276.jpg?fit=1048%2C699&ssl=1&resize=700%2C400 2x"},"classes":[]},{"id":3,"url":"https:\/\/oscar-resort.com\/en\/about\/","url_meta":{"origin":1861,"position":3},"title":"Hotel","author":"manager","date":"Saturday July 22nd, 2017","format":false,"excerpt":"Located next to the North Cyprus tourism port, our facility is 20.25 minutes to the center of Kyrenia.","rel":"","context":"In \"aqua park\"","block_context":{"text":"aqua park","link":"https:\/\/oscar-resort.com\/en\/tag\/aqua-park\/"},"img":{"alt_text":"oscar-aqua-park","src":"https:\/\/i0.wp.com\/oscar-resort.com\/wp-content\/uploads\/2024\/08\/20240730_122250-e1746782724807.jpg?fit=1200%2C553&ssl=1&resize=350%2C200","width":350,"height":200,"srcset":"https:\/\/i0.wp.com\/oscar-resort.com\/wp-content\/uploads\/2024\/08\/20240730_122250-e1746782724807.jpg?fit=1200%2C553&ssl=1&resize=350%2C200 1x, https:\/\/i0.wp.com\/oscar-resort.com\/wp-content\/uploads\/2024\/08\/20240730_122250-e1746782724807.jpg?fit=1200%2C553&ssl=1&resize=525%2C300 1.5x, https:\/\/i0.wp.com\/oscar-resort.com\/wp-content\/uploads\/2024\/08\/20240730_122250-e1746782724807.jpg?fit=1200%2C553&ssl=1&resize=700%2C400 2x, https:\/\/i0.wp.com\/oscar-resort.com\/wp-content\/uploads\/2024\/08\/20240730_122250-e1746782724807.jpg?fit=1200%2C553&ssl=1&resize=1050%2C600 3x"},"classes":[]},{"id":1015,"url":"https:\/\/oscar-resort.com\/en\/rooms\/hotel-suite-room\/","url_meta":{"origin":1861,"position":4},"title":"Hotel Suite Room","author":"oscar-group","date":"Thursday February 25th, 2016","format":false,"excerpt":"main hotel suite rooms over looking to sea or land side of the hotel. Superb design and comfortable rooms with special offer prices please check early booking discounts on our reservation division","rel":"","context":"In &quot;[:en]Reservation Agreement[:de]Reservierungsvereinbarung[:tr]Sat\u0131\u015f S\u00f6zle\u015fmesi[:]&quot;","block_context":{"text":"[:en]Reservation Agreement[:de]Reservierungsvereinbarung[:tr]Sat\u0131\u015f S\u00f6zle\u015fmesi[:]","link":"https:\/\/oscar-resort.com\/en\/category\/booking-conditions\/agreement-1\/"},"img":{"alt_text":"hotel suite view","src":"https:\/\/i0.wp.com\/oscar-resort.com\/wp-content\/uploads\/2016\/02\/hyo_9723-e1457075541107.jpg?fit=1047%2C699&ssl=1&resize=350%2C200","width":350,"height":200,"srcset":"https:\/\/i0.wp.com\/oscar-resort.com\/wp-content\/uploads\/2016\/02\/hyo_9723-e1457075541107.jpg?fit=1047%2C699&ssl=1&resize=350%2C200 1x, https:\/\/i0.wp.com\/oscar-resort.com\/wp-content\/uploads\/2016\/02\/hyo_9723-e1457075541107.jpg?fit=1047%2C699&ssl=1&resize=525%2C300 1.5x, https:\/\/i0.wp.com\/oscar-resort.com\/wp-content\/uploads\/2016\/02\/hyo_9723-e1457075541107.jpg?fit=1047%2C699&ssl=1&resize=700%2C400 2x"},"classes":[]},{"id":1044,"url":"https:\/\/oscar-resort.com\/en\/rooms\/family-room\/","url_meta":{"origin":1861,"position":5},"title":"Poolside Family Room","author":"oscar-group","date":"Thursday February 25th, 2016","format":false,"excerpt":"there are 30 two bedroom family rooms around the y shaped swimming pool has their own terrace with one dbland two single beds ideal for extensive families","rel":"","context":"In &quot;[:en]Reservation Agreement[:de]Reservierungsvereinbarung[:tr]Sat\u0131\u015f S\u00f6zle\u015fmesi[:]&quot;","block_context":{"text":"[:en]Reservation Agreement[:de]Reservierungsvereinbarung[:tr]Sat\u0131\u015f S\u00f6zle\u015fmesi[:]","link":"https:\/\/oscar-resort.com\/en\/category\/booking-conditions\/agreement-1\/"},"img":{"alt_text":"twobedroomfamilyrooms","src":"https:\/\/i0.wp.com\/oscar-resort.com\/wp-content\/uploads\/2016\/01\/family-room-3.jpg?fit=1200%2C797&ssl=1&resize=350%2C200","width":350,"height":200,"srcset":"https:\/\/i0.wp.com\/oscar-resort.com\/wp-content\/uploads\/2016\/01\/family-room-3.jpg?fit=1200%2C797&ssl=1&resize=350%2C200 1x, https:\/\/i0.wp.com\/oscar-resort.com\/wp-content\/uploads\/2016\/01\/family-room-3.jpg?fit=1200%2C797&ssl=1&resize=525%2C300 1.5x, https:\/\/i0.wp.com\/oscar-resort.com\/wp-content\/uploads\/2016\/01\/family-room-3.jpg?fit=1200%2C797&ssl=1&resize=700%2C400 2x, https:\/\/i0.wp.com\/oscar-resort.com\/wp-content\/uploads\/2016\/01\/family-room-3.jpg?fit=1200%2C797&ssl=1&resize=1050%2C600 3x"},"classes":[]}],"_links":{"self":[{"href":"https:\/\/oscar-resort.com\/en\/wp-json\/wp\/v2\/pages\/1861","targetHints":{"allow":["GET"]}}],"collection":[{"href":"https:\/\/oscar-resort.com\/en\/wp-json\/wp\/v2\/pages"}],"about":[{"href":"https:\/\/oscar-resort.com\/en\/wp-json\/wp\/v2\/types\/page"}],"author":[{"embeddable":true,"href":"https:\/\/oscar-resort.com\/en\/wp-json\/wp\/v2\/users\/1"}],"replies":[{"embeddable":true,"href":"https:\/\/oscar-resort.com\/en\/wp-json\/wp\/v2\/comments?post=1861"}],"version-history":[{"count":59,"href":"https:\/\/oscar-resort.com\/en\/wp-json\/wp\/v2\/pages\/1861\/revisions"}],"predecessor-version":[{"id":48969,"href":"https:\/\/oscar-resort.com\/en\/wp-json\/wp\/v2\/pages\/1861\/revisions\/48969"}],"wp:featuredmedia":[{"embeddable":true,"href":"https:\/\/oscar-resort.com\/en\/wp-json\/wp\/v2\/media\/130"}],"wp:attachment":[{"href":"https:\/\/oscar-resort.com\/en\/wp-json\/wp\/v2\/media?parent=1861"}],"curies":[{"name":"wp","href":"https:\/\/api.w.org\/{rel}","templated":true}]}}