{"id":8867,"date":"2015-12-05T14:46:32","date_gmt":"2015-12-05T12:46:32","guid":{"rendered":"https:\/\/oscar-resort.com\/cookie-policy-eu\/"},"modified":"2025-03-18T14:07:09","modified_gmt":"2025-03-18T12:07:09","slug":"cookie-policy-eu","status":"publish","type":"page","link":"https:\/\/oscar-resort.com\/de\/cookie-policy-eu\/","title":{"rendered":"Cookie-Richtlinie (EU)"},"content":{"rendered":"<p><\/p>\n<h3 class=\"widget-title\">Datenschutz- und Sicherheitsrichtlinie<\/h3>\n<div class=\"siteorigin-widget-tinymce textwidget\">\n<p>&nbsp;<\/p>\n<p>Alle auf unserer Site bereitgestellten Dienste und Leistungen werden von der unter <a href=\"http:\/\/www.oscar-resort.com\" rel=\"nofollow\">http:\/\/www.oscar-resort.com<\/a> registrierten Oskar Ltd. erbracht.<\/p>\n<p>Das Oscar Resort Hotel ist Eigentum unseres Unternehmens und wird von diesem betrieben.<br \/>\nUnser Unternehmen kann personenbezogene Daten zu verschiedenen Zwecken erheben. Nachfolgend wird erl\u00e4utert, wie und auf welche Weise personenbezogene Daten erhoben und wie und auf welche Weise diese Daten gesch\u00fctzt werden.<br \/>\nUnser Unternehmen verpflichtet sich, vertrauliche Informationen streng geheim und vertraulich zu behandeln, dies als Geheimhaltungsverpflichtung zu betrachten und alle erforderlichen Ma\u00dfnahmen zu ergreifen und die gebotene Sorgfalt walten zu lassen, um die Vertraulichkeit zu gew\u00e4hrleisten und aufrechtzuerhalten und zu verhindern, dass vertrauliche Informationen ganz oder teilweise an die \u00d6ffentlichkeit gelangen oder von Dritten unbefugt verwendet oder weitergegeben werden.<\/p>\n<p>Die Zahl dieser Situationen ist begrenzt.<br \/>\n1. Gesetz, Gesetzesverordnung, Verordnung usw. um den Verpflichtungen nachzukommen, die sich aus den geltenden und von der zust\u00e4ndigen Justizbeh\u00f6rde erlassenen Rechtsvorschriften ergeben;<br \/>\n2. Um die Anforderungen anderer mit den Nutzern unserer Site getroffener Vereinbarungen zu erf\u00fcllen und in die Praxis umzusetzen;<br \/>\n3. Anforderung von Informationen \u00fcber Benutzer zum Zwecke der Durchf\u00fchrung einer ordnungsgem\u00e4\u00df von der zust\u00e4ndigen Verwaltungs- und Justizbeh\u00f6rde durchgef\u00fchrten Untersuchung oder Ermittlung;<br \/>\n4. F\u00e4lle, in denen die Bereitstellung von Informationen zum Schutz der Rechte oder der Sicherheit der Benutzer erforderlich ist.<\/p>\n<p><strong>Browser-Cookies<\/strong><br \/>\nUnser Unternehmen kann durch den Einsatz einer technischen Kommunikationsdatei (Cookie) Informationen \u00fcber die Benutzer, die unsere Website besuchen, und deren Nutzung der Website erhalten. Bei den technischen Kommunikationsdateien handelt es sich um kleine Textdateien, die eine Website an den Browser des Benutzers sendet und dort im Arbeitsspeicher speichert. Die technische Kommunikationsdatei erleichtert die Nutzung des Internets, indem sie Status und Einstellungen zur Site speichert.<br \/>\nDie technische Kommunikationsdatei hilft dabei, statistische Informationen dar\u00fcber zu erhalten, wie viele Personen die Site besuchen, zu welchem \u200b\u200bZweck eine Person die Site besucht, wie oft sie die Site besucht und wie lange sie auf der Site bleibt, und um dynamisch Werbung und Inhalte von Benutzerseiten zu generieren, die speziell f\u00fcr Benutzer entwickelt wurden. Die technische Kommunikationsdatei ist nicht dazu bestimmt, Daten oder andere pers\u00f6nliche Informationen im Hauptspeicher oder aus Ihrer E-Mail abzurufen. Die meisten Browser sind zun\u00e4chst so konzipiert, dass sie technische Kommunikationsdateien akzeptieren. Benutzer k\u00f6nnen die Einstellungen jedoch so \u00e4ndern, dass keine technischen Kommunikationsdateien empfangen werden oder dass beim Senden einer technischen Kommunikationsdatei eine Warnung ausgegeben wird.<br \/>\nUnser Unternehmen kann die Bestimmungen dieser \u201eDatenschutzrichtlinie\u201c jederzeit \u00e4ndern, indem es sie auf der Site ver\u00f6ffentlicht oder auf seiner Site postet. Sollten sich die Bestimmungen der Datenschutzrichtlinie \u00e4ndern, treten diese mit dem Datum der Ver\u00f6ffentlichung in Kraft.<\/p>\n<p>Bei Fragen und Anregungen zu unserer Datenschutzerkl\u00e4rung k\u00f6nnen Sie eine E-Mail an info@oscarresort.com senden. Sie erreichen unser Unternehmen \u00fcber die unten stehenden Kontaktinformationen.<\/p>\n<p><\/p>\n<\/div>\n<\/div>\n<\/div>","protected":false},"excerpt":{"rendered":"<p>oscar resort hotel north cyprus kyrenia girne hotels, aqua park, water slides, wave pool, spa wellness<\/p>\n","protected":false},"author":1,"featured_media":0,"parent":0,"menu_order":0,"comment_status":"open","ping_status":"open","template":"","meta":{"jetpack_post_was_ever_published":false,"footnotes":""},"class_list":["post-8867","page","type-page","status-publish","hentry"],"aioseo_notices":[],"jetpack_sharing_enabled":true,"jetpack_shortlink":"https:\/\/wp.me\/P907gG-2j1","jetpack_likes_enabled":true,"jetpack-related-posts":[{"id":3578,"url":"https:\/\/oscar-resort.com\/de\/photo-gallery\/","url_meta":{"origin":8867,"position":0},"title":"Galerie","author":"oscar-group","date":"Monday, der 28. December 2015","format":false,"excerpt":"oscar resort hotel photo gallery","rel":"","context":"In &quot;[:en]Reservation Agreement[:de]Reservierungsvereinbarung[:tr]Sat\u0131\u015f S\u00f6zle\u015fmesi[:]&quot;","block_context":{"text":"[:en]Reservation Agreement[:de]Reservierungsvereinbarung[:tr]Sat\u0131\u015f S\u00f6zle\u015fmesi[:]","link":"https:\/\/oscar-resort.com\/de\/category\/booking-conditions\/agreement-1\/"},"img":{"alt_text":"oscar resort hotel external view","src":"https:\/\/i0.wp.com\/oscar-resort.com\/wp-content\/uploads\/2016\/03\/dsc_0049.jpg?fit=1200%2C797&ssl=1&resize=350%2C200","width":350,"height":200,"srcset":"https:\/\/i0.wp.com\/oscar-resort.com\/wp-content\/uploads\/2016\/03\/dsc_0049.jpg?fit=1200%2C797&ssl=1&resize=350%2C200 1x, https:\/\/i0.wp.com\/oscar-resort.com\/wp-content\/uploads\/2016\/03\/dsc_0049.jpg?fit=1200%2C797&ssl=1&resize=525%2C300 1.5x, https:\/\/i0.wp.com\/oscar-resort.com\/wp-content\/uploads\/2016\/03\/dsc_0049.jpg?fit=1200%2C797&ssl=1&resize=700%2C400 2x, https:\/\/i0.wp.com\/oscar-resort.com\/wp-content\/uploads\/2016\/03\/dsc_0049.jpg?fit=1200%2C797&ssl=1&resize=1050%2C600 3x"},"classes":[]},{"id":849,"url":"https:\/\/oscar-resort.com\/de\/rooms\/main-hotel-sea-view\/","url_meta":{"origin":8867,"position":1},"title":"Hotel Zimmer mit Meerblick","author":"oscar-group","date":"Saturday, der 20. February 2016","format":false,"excerpt":"Standard-Hotelzimmer mit Meerblick, Bad, Safe, LCD-TV mit Sat-TV, Klimaanlage, Doppel- oder Einzelbetten, Balkon, elektronische T\u00fcrschlie\u00dfsysteme. Bitte informieren Sie sich auf unserer offiziellen Website \u00fcber Sonderangebote und g\u00fcnstige Preisemain hotel std sea view rooms, ensuite, safe box, lcd secreen satellite tv, air condition, double or twin beds, balcony, electronic door locking\u2026","rel":"","context":"In &quot;[:en]Reservation Agreement[:de]Reservierungsvereinbarung[:tr]Sat\u0131\u015f S\u00f6zle\u015fmesi[:]&quot;","block_context":{"text":"[:en]Reservation Agreement[:de]Reservierungsvereinbarung[:tr]Sat\u0131\u015f S\u00f6zle\u015fmesi[:]","link":"https:\/\/oscar-resort.com\/de\/category\/booking-conditions\/agreement-1\/"},"img":{"alt_text":"sea-view-hotel-rooms","src":"https:\/\/i0.wp.com\/oscar-resort.com\/wp-content\/uploads\/2015\/12\/20170119_142656-e1611921422891.jpg?fit=1049%2C590&ssl=1&resize=350%2C200","width":350,"height":200,"srcset":"https:\/\/i0.wp.com\/oscar-resort.com\/wp-content\/uploads\/2015\/12\/20170119_142656-e1611921422891.jpg?fit=1049%2C590&ssl=1&resize=350%2C200 1x, https:\/\/i0.wp.com\/oscar-resort.com\/wp-content\/uploads\/2015\/12\/20170119_142656-e1611921422891.jpg?fit=1049%2C590&ssl=1&resize=525%2C300 1.5x, https:\/\/i0.wp.com\/oscar-resort.com\/wp-content\/uploads\/2015\/12\/20170119_142656-e1611921422891.jpg?fit=1049%2C590&ssl=1&resize=700%2C400 2x"},"classes":[]},{"id":3573,"url":"https:\/\/oscar-resort.com\/de\/rooms\/","url_meta":{"origin":8867,"position":2},"title":"Zimmer","author":"oscar-group","date":"Saturday, der 17. June 2023","format":false,"excerpt":"Kuzey K\u0131br\u0131s g\u00fcne\u015finde geleneksel aile tatili, herkesin keyfini \u00e7\u0131karaca\u011f\u0131 pek \u00e7ok yer ile Oscar Resort Hotel ideal bir se\u00e7imdir. \u00c7ocuklar, bu iyi y\u00f6netilen ve pop\u00fcler otelin sundu\u011fu her \u015feye bay\u0131lacak.","rel":"","context":"In &quot;[:en]Latest News[:de]Neuesten Nachrichten[:tr]Son Haberler[:]&quot;","block_context":{"text":"[:en]Latest News[:de]Neuesten Nachrichten[:tr]Son Haberler[:]","link":"https:\/\/oscar-resort.com\/de\/category\/blog\/latestnews\/"},"img":{"alt_text":"king suite master bed","src":"https:\/\/i0.wp.com\/oscar-resort.com\/wp-content\/uploads\/2015\/12\/hyo_7926-e1456730536529.jpg?fit=1049%2C592&ssl=1&resize=350%2C200","width":350,"height":200,"srcset":"https:\/\/i0.wp.com\/oscar-resort.com\/wp-content\/uploads\/2015\/12\/hyo_7926-e1456730536529.jpg?fit=1049%2C592&ssl=1&resize=350%2C200 1x, https:\/\/i0.wp.com\/oscar-resort.com\/wp-content\/uploads\/2015\/12\/hyo_7926-e1456730536529.jpg?fit=1049%2C592&ssl=1&resize=525%2C300 1.5x, https:\/\/i0.wp.com\/oscar-resort.com\/wp-content\/uploads\/2015\/12\/hyo_7926-e1456730536529.jpg?fit=1049%2C592&ssl=1&resize=700%2C400 2x"},"classes":[]},{"id":1030,"url":"https:\/\/oscar-resort.com\/de\/rooms\/inter-connecting\/","url_meta":{"origin":8867,"position":3},"title":"Zimmer mit Verbindungst\u00fcr","author":"oscar-group","date":"Thursday, der 25. February 2016","format":false,"excerpt":"Zimmerausstattung Mit den zus\u00e4tzlichen Komfort eines Queen-Size-Bett, Wohn- \/ Essbereich, ein gro\u00dfes LCD T. V und mit einem zus\u00e4tzlichen Verbindungsschlafzimmer und 2. en suite. Master-En-suite Badezimmer mit W. C, Dusche, Haartrockner und elektrische Rasierapparate. Alle Zimmer sind mit Teppich ausgelegt und verf\u00fcgen \u00fcber einen gro\u00dfen Schr\u00e4nken und Schr\u00e4nken ausgestattet.Zur Ausstattung\u2026","rel":"","context":"In &quot;[:en]Reservation Agreement[:de]Reservierungsvereinbarung[:tr]Sat\u0131\u015f S\u00f6zle\u015fmesi[:]&quot;","block_context":{"text":"[:en]Reservation Agreement[:de]Reservierungsvereinbarung[:tr]Sat\u0131\u015f S\u00f6zle\u015fmesi[:]","link":"https:\/\/oscar-resort.com\/de\/category\/booking-conditions\/agreement-1\/"},"img":{"alt_text":"king suite main building king suit","src":"https:\/\/i0.wp.com\/oscar-resort.com\/wp-content\/uploads\/2015\/12\/hyo_7959-e1457076416807.jpg?fit=1000%2C601&ssl=1&resize=350%2C200","width":350,"height":200,"srcset":"https:\/\/i0.wp.com\/oscar-resort.com\/wp-content\/uploads\/2015\/12\/hyo_7959-e1457076416807.jpg?fit=1000%2C601&ssl=1&resize=350%2C200 1x, https:\/\/i0.wp.com\/oscar-resort.com\/wp-content\/uploads\/2015\/12\/hyo_7959-e1457076416807.jpg?fit=1000%2C601&ssl=1&resize=525%2C300 1.5x, https:\/\/i0.wp.com\/oscar-resort.com\/wp-content\/uploads\/2015\/12\/hyo_7959-e1457076416807.jpg?fit=1000%2C601&ssl=1&resize=700%2C400 2x"},"classes":[]},{"id":1015,"url":"https:\/\/oscar-resort.com\/de\/rooms\/hotel-suite-room\/","url_meta":{"origin":8867,"position":4},"title":"Hotel Suite Room","author":"oscar-group","date":"Thursday, der 25. February 2016","format":false,"excerpt":"Haupt-Hotel-Suite-Zimmer mit Blick auf das Meer oder die Landseite des Hotels. Hervorragendes Design und komfortable Zimmer zu Sonderpreisen. Bitte \u00fcberpr\u00fcfen Sie die Fr\u00fchbucher-Rabatte in unserer Reservierungsabteilung","rel":"","context":"In &quot;[:en]Reservation Agreement[:de]Reservierungsvereinbarung[:tr]Sat\u0131\u015f S\u00f6zle\u015fmesi[:]&quot;","block_context":{"text":"[:en]Reservation Agreement[:de]Reservierungsvereinbarung[:tr]Sat\u0131\u015f S\u00f6zle\u015fmesi[:]","link":"https:\/\/oscar-resort.com\/de\/category\/booking-conditions\/agreement-1\/"},"img":{"alt_text":"hotel suite view","src":"https:\/\/i0.wp.com\/oscar-resort.com\/wp-content\/uploads\/2016\/02\/hyo_9723-e1457075541107.jpg?fit=1047%2C699&ssl=1&resize=350%2C200","width":350,"height":200,"srcset":"https:\/\/i0.wp.com\/oscar-resort.com\/wp-content\/uploads\/2016\/02\/hyo_9723-e1457075541107.jpg?fit=1047%2C699&ssl=1&resize=350%2C200 1x, https:\/\/i0.wp.com\/oscar-resort.com\/wp-content\/uploads\/2016\/02\/hyo_9723-e1457075541107.jpg?fit=1047%2C699&ssl=1&resize=525%2C300 1.5x, https:\/\/i0.wp.com\/oscar-resort.com\/wp-content\/uploads\/2016\/02\/hyo_9723-e1457075541107.jpg?fit=1047%2C699&ssl=1&resize=700%2C400 2x"},"classes":[]},{"id":4,"url":"https:\/\/oscar-resort.com\/de\/product\/","url_meta":{"origin":8867,"position":5},"title":"Unsere Produkte","author":"oscar-group","date":"Saturday, der 22. July 2017","format":false,"excerpt":"Hasan esat isik street, no 16 Kyrenia\/Girne Nord Zypern, Tel+ 90 392 81 54 801 mail to info@oscarresort.com","rel":"","context":"In &quot;[:en]Latest News[:de]Neuesten Nachrichten[:tr]Son Haberler[:]&quot;","block_context":{"text":"[:en]Latest News[:de]Neuesten Nachrichten[:tr]Son Haberler[:]","link":"https:\/\/oscar-resort.com\/de\/category\/blog\/latestnews\/"},"img":{"alt_text":"oscar resort hotel","src":"https:\/\/i0.wp.com\/oscar-resort.com\/wp-content\/uploads\/2020\/12\/oscarresorthtl-e1747120526600.png?fit=494%2C320&ssl=1&resize=350%2C200","width":350,"height":200},"classes":[]}],"_links":{"self":[{"href":"https:\/\/oscar-resort.com\/de\/wp-json\/wp\/v2\/pages\/8867","targetHints":{"allow":["GET"]}}],"collection":[{"href":"https:\/\/oscar-resort.com\/de\/wp-json\/wp\/v2\/pages"}],"about":[{"href":"https:\/\/oscar-resort.com\/de\/wp-json\/wp\/v2\/types\/page"}],"author":[{"embeddable":true,"href":"https:\/\/oscar-resort.com\/de\/wp-json\/wp\/v2\/users\/1"}],"replies":[{"embeddable":true,"href":"https:\/\/oscar-resort.com\/de\/wp-json\/wp\/v2\/comments?post=8867"}],"version-history":[{"count":7,"href":"https:\/\/oscar-resort.com\/de\/wp-json\/wp\/v2\/pages\/8867\/revisions"}],"predecessor-version":[{"id":45985,"href":"https:\/\/oscar-resort.com\/de\/wp-json\/wp\/v2\/pages\/8867\/revisions\/45985"}],"wp:attachment":[{"href":"https:\/\/oscar-resort.com\/de\/wp-json\/wp\/v2\/media?parent=8867"}],"curies":[{"name":"wp","href":"https:\/\/api.w.org\/{rel}","templated":true}]}}