{"id":709,"date":"2023-01-30T16:03:52","date_gmt":"2023-01-30T14:03:52","guid":{"rendered":"http:\/\/www.oscar-resort.com\/oscar\/?page_id=709"},"modified":"2025-05-08T10:49:42","modified_gmt":"2025-05-08T08:49:42","slug":"pools","status":"publish","type":"page","link":"https:\/\/oscar-resort.com\/de\/pools\/","title":{"rendered":"Outdoor Pools"},"content":{"rendered":"<div id=\"pl-709\"  class=\"panel-layout\" ><div id=\"pg-709-0\"  class=\"panel-grid panel-has-style\"  style=\"margin-bottom: 25px\" ><div class=\"siteorigin-panels-stretch panel-row-style panel-row-style-for-709-0\" data-stretch-type=\"full\" ><div id=\"pgc-709-0-0\"  class=\"panel-grid-cell\" ><div id=\"panel-709-0-0-0\" class=\"so-panel widget widget_sow-headline panel-first-child\" data-index=\"0\" style=\"margin: 1px 1px 1px 1px;\" ><div style=\"padding: 1px 1px 1px 1px;\" class=\"panel-widget-style panel-widget-style-for-709-0-0-0\" ><div\n\t\t\t\n\t\t\tclass=\"so-widget-sow-headline so-widget-sow-headline-default-481f0b43f648-709 so-widget-fittext-wrapper\"\n\t\t\t data-fit-text-compressor=\"0.85\"\n\t\t><div class=\"sow-headline-container \">\n\t\t\t\t\t\t\t<h2 class=\"sow-headline\">\n\t\t\t\t\t\t\t\t\t\t\t\t\t<a href=\"https:\/\/oscar-resort.com\/en\/our-services\/pools\/\" >\n\t\t\t\t\t\t\t\tS\u00dcSSWASSER-SCHWIMMB\u00c4DER IM FREIEN<\/a>\t\t\t\t\t\t<\/h2>\n\t\t\t\t\t\t\t\t\t\t\t<div class=\"decoration\">\n\t\t\t\t\t\t<div class=\"decoration-inside\"><\/div>\n\t\t\t\t\t<\/div>\n\t\t\t\t\t\t\t\t\t\t\t<h3 class=\"sow-sub-headline\">\n\t\t\t\t\t\t\t\t\t\t\t\t\t<a href=\"https:\/\/oscar-resort.com\/en\/our-services\/pools\/\" >\n\t\t\t\t\t\t\t\tGROSSER POOL - AQUA POOL - WELLENPOOL - INNENPOOL<\/a>\t\t\t\t\t\t<\/h3>\n\t\t\t\t\t\t<\/div>\n<\/div><\/div><\/div><div id=\"panel-709-0-0-1\" class=\"so-panel widget widget_sow-image panel-last-child\" data-index=\"1\" ><div\n\t\t\t\n\t\t\tclass=\"so-widget-sow-image so-widget-sow-image-default-113ccd71f3e6-709\"\n\t\t\t\n\t\t>\n<div class=\"sow-image-container\">\n\t\t<img \n\tsrc=\"https:\/\/i0.wp.com\/oscar-resort.com\/wp-content\/uploads\/2021\/01\/1048-590-32.jpg?fit=1048%2C590&amp;ssl=1\" width=\"1048\" height=\"590\" srcset=\"https:\/\/i0.wp.com\/oscar-resort.com\/wp-content\/uploads\/2021\/01\/1048-590-32.jpg?w=1048&amp;ssl=1 1048w, https:\/\/i0.wp.com\/oscar-resort.com\/wp-content\/uploads\/2021\/01\/1048-590-32.jpg?resize=600%2C338&amp;ssl=1 600w, https:\/\/i0.wp.com\/oscar-resort.com\/wp-content\/uploads\/2021\/01\/1048-590-32.jpg?resize=300%2C169&amp;ssl=1 300w, https:\/\/i0.wp.com\/oscar-resort.com\/wp-content\/uploads\/2021\/01\/1048-590-32.jpg?resize=1024%2C576&amp;ssl=1 1024w, https:\/\/i0.wp.com\/oscar-resort.com\/wp-content\/uploads\/2021\/01\/1048-590-32.jpg?resize=768%2C432&amp;ssl=1 768w\" title=\"outdoor pool\" alt=\"oscar resort hotel\" \t\tclass=\"so-widget-image\"\/>\n\t<\/div>\n\n<\/div><\/div><\/div><\/div><\/div><div id=\"pg-709-1\"  class=\"panel-grid panel-has-style\"  style=\"margin-bottom: 25px\" ><div class=\"siteorigin-panels-stretch panel-row-style panel-row-style-for-709-1\" data-stretch-type=\"full\" ><div id=\"pgc-709-1-0\"  class=\"panel-grid-cell\" ><div id=\"panel-709-1-0-0\" class=\"so-panel widget widget_sow-video panel-first-child panel-last-child\" data-index=\"2\" style=\"margin: 1px 1px 1px 1px;\" ><div style=\"padding: 1px 1px 1px 1px;\" class=\"panel-widget-style panel-widget-style-for-709-1-0-0\" ><div\n\t\t\t\n\t\t\tclass=\"so-widget-sow-video so-widget-sow-video-default-c08170c47cfb-709\"\n\t\t\t\n\t\t><h3 class=\"widget-title\">Oscar Resort Hotel<\/h3>\n<div class=\"sow-video-wrapper\n\">\n\t\t\t<iframe loading=\"lazy\" title=\"oscar resort hotel   Kyrenia North Cyprus\" width=\"678\" height=\"509\" src=\"https:\/\/www.youtube.com\/embed\/Nogkfrp8phA?feature=oembed&enablejsapi=1\" frameborder=\"0\" allow=\"accelerometer; autoplay; clipboard-write; encrypted-media; gyroscope; picture-in-picture; web-share\" referrerpolicy=\"strict-origin-when-cross-origin\" allowfullscreen allowfullscreen mozallowfullscreen webkitallowfullscreen sandbox=\"allow-scripts allow-same-origin allow-presentation\"><\/iframe>\t<\/div>\n<\/div><\/div><\/div><\/div><\/div><\/div><div id=\"pg-709-2\"  class=\"panel-grid panel-has-style\"  style=\"margin-bottom: 25px\" ><div style=\"padding: 1px 1px 1px 1px;\" class=\"panel-row-style panel-row-style-for-709-2\" ><div id=\"pgc-709-2-0\"  class=\"panel-grid-cell\" ><div id=\"panel-709-2-0-0\" class=\"so-panel widget widget_text panel-first-child panel-last-child\" data-index=\"3\" ><div style=\"padding: 10px;\" class=\"panel-widget-style panel-widget-style-for-709-2-0-0\" ><h3 class=\"widget-title\">Hauptpool<\/h3>\t\t\t<div class=\"textwidget\"><p><span id=\"result_box\" class=\"\" lang=\"de\"><span class=\"\">Hotel hat eine gro\u00dfe (6 mt x 20 mt) &#8220; Y &#8220; geformte halb olympischen S\u00fc\u00dfwasser Schwimmbad.<\/span><br \/>\nEs gibt auch zwei Kinderbecken mit gro\u00dfem Pool verbunden<\/span><\/p>\n<p><span class=\"\">eine mit (40cm&gt; 60 cm) tiefe &#8220; Alter 3-5 Jahre &#8220; und<\/span><br \/>\neine mit (70cm&gt; 90cm) tiefe &#8220; Alter 6-10 Jahre zwei Kinder Pools.<br \/>\n<span class=\"\">Pool Bar Swim up Bar mit Snack-Men\u00fc zur Verf\u00fcgung saisonal.<\/span><br \/>\n<span class=\"\">Liegen, Sonnenschirme, Liegest\u00fchle Matratze sind kostenlos.<\/span><br \/>\n<span class=\"\">WC und Umkleidekabine auf der linken Ecke<\/span><br \/>\nEin Pinguin geformte Dusche.<br \/>\n<span class=\"\">Pool zwischen (10:00 &#8211; 17:00 Uhr &#8211; saisonal) Pool wird geschlossen zwischen (17:00 Uhr bis 9:00 Uhr jeden Tag f\u00fcr Reinigung und Wartung).<\/span><\/p>\n<ul>\n<li><\/li>\n<\/ul>\n<\/div>\n\t\t<\/div><\/div><\/div><div id=\"pgc-709-2-1\"  class=\"panel-grid-cell\" ><div id=\"panel-709-2-1-0\" class=\"so-panel widget widget_text panel-first-child panel-last-child\" data-index=\"4\" ><div style=\"padding: 10px;\" class=\"panel-widget-style panel-widget-style-for-709-2-1-0\" ><h3 class=\"widget-title\">Aquapool mit Wasserrutschen<\/h3>\t\t\t<div class=\"textwidget\"><p><span class=\"VIiyi\" lang=\"de\"><span class=\"JLqJ4b ChMk0b\" data-language-for-alternatives=\"de\" data-language-to-translate-into=\"en\" data-phrase-index=\"0\">Aqua Water Rutschen eine mit 25 Metern f\u00fcr f\u00fcnf Personen und eine mit 50 Metern Einzelrutschen.<\/span> <span class=\"JLqJ4b ChMk0b\" data-language-for-alternatives=\"de\" data-language-to-translate-into=\"en\" data-phrase-index=\"2\">Pool zwischen dem Strand und dem Hauptgeb\u00e4ude des Hotels.<\/span> <\/span><\/p>\n<p><span class=\"VIiyi\" lang=\"de\"><span class=\"JLqJ4b ChMk0b\" data-language-for-alternatives=\"de\" data-language-to-translate-into=\"en\" data-phrase-index=\"3\">Es gibt einen Whirlpool im Freien, Pinguin-Dusche und war vorhanden.<\/span> <span class=\"JLqJ4b ChMk0b\" data-language-for-alternatives=\"de\" data-language-to-translate-into=\"en\" data-phrase-index=\"5\">Das Aqua Restaurant ist saisonal von Mai bis Ende September ge\u00f6ffnet.<\/span> <\/span><\/p>\n<p><strong><span class=\"VIiyi\" lang=\"de\"><span class=\"JLqJ4b ChMk0b\" data-language-for-alternatives=\"de\" data-language-to-translate-into=\"en\" data-phrase-index=\"7\">Arbeitszeitplan f\u00fcr Aqua-Wasserrutschen;<\/span><\/span><\/strong><\/p>\n<ul>\n<li><span class=\"VIiyi\" lang=\"de\"> <span class=\"JLqJ4b ChMk0b\" data-language-for-alternatives=\"de\" data-language-to-translate-into=\"en\" data-phrase-index=\"9\">10:00 bis 11:00 Uhr<\/span> <\/span><\/li>\n<li><span class=\"VIiyi\" lang=\"de\"><span class=\"JLqJ4b ChMk0b\" data-language-for-alternatives=\"de\" data-language-to-translate-into=\"en\" data-phrase-index=\"11\">12:00 bis 13:00 Uhr <\/span><\/span><\/li>\n<li><span class=\"VIiyi\" lang=\"de\"><span class=\"JLqJ4b ChMk0b\" data-language-for-alternatives=\"de\" data-language-to-translate-into=\"en\" data-phrase-index=\"11\">Mittags geschlossen<\/span> <span class=\"JLqJ4b ChMk0b\" data-language-for-alternatives=\"de\" data-language-to-translate-into=\"en\" data-phrase-index=\"13\">13.00 bis 14.00 Uhr<\/span> <\/span><\/li>\n<li><span class=\"VIiyi\" lang=\"de\"><span class=\"JLqJ4b ChMk0b\" data-language-for-alternatives=\"de\" data-language-to-translate-into=\"en\" data-phrase-index=\"15\">15.00 bis 16.00 Uhr<\/span> <\/span><\/li>\n<\/ul>\n<p><span class=\"VIiyi\" lang=\"de\"><span class=\"JLqJ4b ChMk0b\" data-language-for-alternatives=\"de\" data-language-to-translate-into=\"en\" data-phrase-index=\"19\">Der Pool ist zwischen 18:00 und 10:00 Uhr wegen <\/span><\/span><\/p>\n<p><span class=\"VIiyi\" lang=\"de\"><span class=\"JLqJ4b ChMk0b\" data-language-for-alternatives=\"de\" data-language-to-translate-into=\"en\" data-phrase-index=\"19\">Reinigung und Wartung geschlossen.<\/span><\/span><\/p>\n<\/div>\n\t\t<\/div><\/div><\/div><div id=\"pgc-709-2-2\"  class=\"panel-grid-cell\" ><div id=\"panel-709-2-2-0\" class=\"so-panel widget widget_text panel-first-child panel-last-child\" data-index=\"5\" ><div style=\"padding: 10px;\" class=\"panel-widget-style panel-widget-style-for-709-2-2-0\" ><h3 class=\"widget-title\">Wellenbad mit Wellengenerator<\/h3>\t\t\t<div class=\"textwidget\"><p><span class=\"VIiyi\" lang=\"de\"><span class=\"JLqJ4b ChMk0b\" data-language-for-alternatives=\"de\" data-language-to-translate-into=\"en\" data-phrase-index=\"0\">Das Wellenbad ist eines unserer Aktivit\u00e4ts-S\u00fc\u00dfwasserpools im Resortkomplex.<\/span> <span class=\"JLqJ4b ChMk0b\" data-language-for-alternatives=\"de\" data-language-to-translate-into=\"en\" data-phrase-index=\"2\">Es gibt einen Wellengenerator zum Erzeugen der Wellen, der Erwachsene und Kinder jederzeit besch\u00e4ftigt und unterh\u00e4lt.<\/span> <\/span><\/p>\n<p><strong><span class=\"VIiyi\" lang=\"de\"><span class=\"JLqJ4b ChMk0b\" data-language-for-alternatives=\"de\" data-language-to-translate-into=\"en\" data-phrase-index=\"4\">Wellenbad Dienstzeiten:<\/span> <\/span><\/strong><\/p>\n<ul>\n<li><span class=\"VIiyi\" lang=\"de\"><span class=\"JLqJ4b ChMk0b\" data-language-for-alternatives=\"de\" data-language-to-translate-into=\"en\" data-phrase-index=\"6\">11.00 bis 12.00 Uhr.<\/span> <\/span><\/li>\n<li><span class=\"VIiyi\" lang=\"de\"><span class=\"JLqJ4b ChMk0b\" data-language-for-alternatives=\"de\" data-language-to-translate-into=\"en\" data-phrase-index=\"8\">12:00 Uhr mittags ist geschlossen<\/span> <\/span><\/li>\n<li><span class=\"VIiyi\" lang=\"de\"><span class=\"JLqJ4b ChMk0b\" data-language-for-alternatives=\"de\" data-language-to-translate-into=\"en\" data-phrase-index=\"10\">14.00 bis 15.00 Uhr<\/span> <\/span><\/li>\n<li><span class=\"VIiyi\" lang=\"de\"><span class=\"JLqJ4b ChMk0b\" data-language-for-alternatives=\"de\" data-language-to-translate-into=\"en\" data-phrase-index=\"12\">16.00 bis 17.00 Uhr<\/span> <\/span><\/li>\n<\/ul>\n<p><span class=\"VIiyi\" lang=\"de\"><span class=\"JLqJ4b ChMk0b\" data-language-for-alternatives=\"de\" data-language-to-translate-into=\"en\" data-phrase-index=\"14\">Bitte beachten Sie, dass das Wellenbad zwischen 18.00 Uhr und 10.00 Uhr wegen Reinigung und Wartung geschlossen ist.<\/span><\/span><\/p>\n<\/div>\n\t\t<\/div><\/div><\/div><div id=\"pgc-709-2-3\"  class=\"panel-grid-cell\" ><div id=\"panel-709-2-3-0\" class=\"so-panel widget widget_text panel-first-child panel-last-child\" data-index=\"6\" ><div style=\"padding: 10px;\" class=\"panel-widget-style panel-widget-style-for-709-2-3-0\" ><h3 class=\"widget-title\">Kaltes Tauchbecken<\/h3>\t\t\t<div class=\"textwidget\"><p>Das Kaltwasserbecken geh\u00f6rt zum Spa-Wellnessbereich<\/p>\n<p>t\u00e4glich von 08:00 bis 17:00 Uhr erreichbar<\/p>\n<p>Spa-Wellness-Vorteil:<\/p>\n<ul>\n<li>Sauna (09:00 &#8211; 17:00 Uhr kostenfreie Nutzung)<\/li>\n<li>Dampfbad (von 09:00 bis 17:00 Uhr kostenfrei nutzbar)<\/li>\n<li>Kaltes Pl\u00e4tzchenbecken (von 09:00 bis 17:00 Uhr kostenfrei nutzbar)<br \/>\n16:00 bis 17:00 Uhr<\/li>\n<\/ul>\n<p><span class=\"VIiyi\" lang=\"de\"><span class=\"JLqJ4b ChMk0b\" data-language-for-alternatives=\"de\" data-language-to-translate-into=\"en\" data-phrase-index=\"14\">Bitte beachten Sie, dass das Wellenbad zwischen 18.00 Uhr und 10.00 Uhr wegen Reinigung und Wartung geschlossen ist.<\/span><\/span><\/p>\n<\/div>\n\t\t<\/div><\/div><\/div><\/div><\/div><\/div>","protected":false},"excerpt":{"rendered":"<p>oscar-resorthotel outdoor pools outdoor jacuzzi, spa wellness, beach<\/p>\n","protected":false},"author":1,"featured_media":17923,"parent":0,"menu_order":2,"comment_status":"open","ping_status":"closed","template":"templates\/page-right-sidebar.php","meta":{"jetpack_post_was_ever_published":false,"footnotes":""},"class_list":["post-709","page","type-page","status-publish","has-post-thumbnail","hentry"],"aioseo_notices":[],"jetpack_sharing_enabled":true,"jetpack_shortlink":"https:\/\/wp.me\/P907gG-br","jetpack_likes_enabled":true,"jetpack-related-posts":[{"id":2,"url":"https:\/\/oscar-resort.com\/de\/","url_meta":{"origin":709,"position":0},"title":"Home","author":"manager","date":"Saturday, der 17. June 2023","format":false,"excerpt":"the oscar-resort hotel is a member of oscar group of hotels in north Cyprus, hotel is a four-star resort located by the Kyrenia new harbor, just a mile from Girne city center Tel +903926509700","rel":"","context":"In &quot;[:en]Latest News[:de]Neuesten Nachrichten[:tr]Son Haberler[:]&quot;","block_context":{"text":"[:en]Latest News[:de]Neuesten Nachrichten[:tr]Son Haberler[:]","link":"https:\/\/oscar-resort.com\/de\/category\/blog\/latestnews\/"},"img":{"alt_text":"oscar resort beacharea","src":"https:\/\/i0.wp.com\/oscar-resort.com\/wp-content\/uploads\/2015\/12\/cropped-oscar33-e1472221151579.jpg?fit=945%2C590&ssl=1&resize=350%2C200","width":350,"height":200,"srcset":"https:\/\/i0.wp.com\/oscar-resort.com\/wp-content\/uploads\/2015\/12\/cropped-oscar33-e1472221151579.jpg?fit=945%2C590&ssl=1&resize=350%2C200 1x, https:\/\/i0.wp.com\/oscar-resort.com\/wp-content\/uploads\/2015\/12\/cropped-oscar33-e1472221151579.jpg?fit=945%2C590&ssl=1&resize=525%2C300 1.5x, https:\/\/i0.wp.com\/oscar-resort.com\/wp-content\/uploads\/2015\/12\/cropped-oscar33-e1472221151579.jpg?fit=945%2C590&ssl=1&resize=700%2C400 2x"},"classes":[]},{"id":1145,"url":"https:\/\/oscar-resort.com\/de\/aboutus\/","url_meta":{"origin":709,"position":1},"title":"\u00dcberUns","author":"manager","date":"Friday, der  9. May 2025","format":false,"excerpt":"Willkommen auf der offiziellen Website des Oscar-Resort-Hotels","rel":"","context":"In &quot;[:en]Latest News[:de]Neuesten Nachrichten[:tr]Son Haberler[:]&quot;","block_context":{"text":"[:en]Latest News[:de]Neuesten Nachrichten[:tr]Son Haberler[:]","link":"https:\/\/oscar-resort.com\/de\/category\/blog\/latestnews\/"},"img":{"alt_text":"oscar resort hotel beach","src":"https:\/\/i0.wp.com\/oscar-resort.com\/wp-content\/uploads\/2024\/08\/20240810_171009-e1743837500327.jpg?fit=736%2C339&ssl=1&resize=350%2C200","width":350,"height":200,"srcset":"https:\/\/i0.wp.com\/oscar-resort.com\/wp-content\/uploads\/2024\/08\/20240810_171009-e1743837500327.jpg?fit=736%2C339&ssl=1&resize=350%2C200 1x, https:\/\/i0.wp.com\/oscar-resort.com\/wp-content\/uploads\/2024\/08\/20240810_171009-e1743837500327.jpg?fit=736%2C339&ssl=1&resize=525%2C300 1.5x, https:\/\/i0.wp.com\/oscar-resort.com\/wp-content\/uploads\/2024\/08\/20240810_171009-e1743837500327.jpg?fit=736%2C339&ssl=1&resize=700%2C400 2x"},"classes":[]},{"id":366,"url":"https:\/\/oscar-resort.com\/de\/spa-wellness\/","url_meta":{"origin":709,"position":2},"title":"Spa Wellness","author":"oscar-group","date":"Monday, der 30. January 2023","format":false,"excerpt":"Das Spa & Wellness im Oscar Resort Hotel bietet hervorragende Massagen wie eine kostenlose Sauna, ein Dampfbad und einen Innenpool","rel":"","context":"In \"hammam\"","block_context":{"text":"hammam","link":"https:\/\/oscar-resort.com\/de\/tag\/hammam\/"},"img":{"alt_text":"oscar spa hammam sauna","src":"https:\/\/i0.wp.com\/oscar-resort.com\/wp-content\/uploads\/2016\/01\/turkish-hamam-2-e1456575706276.jpg?fit=1048%2C699&ssl=1&resize=350%2C200","width":350,"height":200,"srcset":"https:\/\/i0.wp.com\/oscar-resort.com\/wp-content\/uploads\/2016\/01\/turkish-hamam-2-e1456575706276.jpg?fit=1048%2C699&ssl=1&resize=350%2C200 1x, https:\/\/i0.wp.com\/oscar-resort.com\/wp-content\/uploads\/2016\/01\/turkish-hamam-2-e1456575706276.jpg?fit=1048%2C699&ssl=1&resize=525%2C300 1.5x, https:\/\/i0.wp.com\/oscar-resort.com\/wp-content\/uploads\/2016\/01\/turkish-hamam-2-e1456575706276.jpg?fit=1048%2C699&ssl=1&resize=700%2C400 2x"},"classes":[]},{"id":3,"url":"https:\/\/oscar-resort.com\/de\/about\/","url_meta":{"origin":709,"position":3},"title":"Hotel","author":"manager","date":"Saturday, der 22. July 2017","format":false,"excerpt":"Die Anlage befindet sich in der N\u00e4he des touristischen Hafens von Nordzypern und ist 20,25 Minuten vom Zentrum von Kyrenia entfernt.","rel":"","context":"In \"aqua park\"","block_context":{"text":"aqua park","link":"https:\/\/oscar-resort.com\/de\/tag\/aqua-park\/"},"img":{"alt_text":"oscar-aqua-park","src":"https:\/\/i0.wp.com\/oscar-resort.com\/wp-content\/uploads\/2024\/08\/20240730_122250-e1746782724807.jpg?fit=1200%2C553&ssl=1&resize=350%2C200","width":350,"height":200,"srcset":"https:\/\/i0.wp.com\/oscar-resort.com\/wp-content\/uploads\/2024\/08\/20240730_122250-e1746782724807.jpg?fit=1200%2C553&ssl=1&resize=350%2C200 1x, https:\/\/i0.wp.com\/oscar-resort.com\/wp-content\/uploads\/2024\/08\/20240730_122250-e1746782724807.jpg?fit=1200%2C553&ssl=1&resize=525%2C300 1.5x, https:\/\/i0.wp.com\/oscar-resort.com\/wp-content\/uploads\/2024\/08\/20240730_122250-e1746782724807.jpg?fit=1200%2C553&ssl=1&resize=700%2C400 2x, https:\/\/i0.wp.com\/oscar-resort.com\/wp-content\/uploads\/2024\/08\/20240730_122250-e1746782724807.jpg?fit=1200%2C553&ssl=1&resize=1050%2C600 3x"},"classes":[]},{"id":1042,"url":"https:\/\/oscar-resort.com\/de\/rooms\/pool-suite-room\/","url_meta":{"origin":709,"position":4},"title":"Poolside Suite Room","author":"oscar-group","date":"Thursday, der 25. February 2016","format":false,"excerpt":"Oscar resort hotel poolside suite rooms are around the Y shaped swimming pool. Each one has one bedroom with connected living room and balcony.","rel":"","context":"\u00c4hnlicher Beitrag","block_context":{"text":"\u00c4hnlicher Beitrag","link":""},"img":{"alt_text":"oscar_poolside_suites","src":"https:\/\/i0.wp.com\/oscar-resort.com\/wp-content\/uploads\/2019\/08\/jr-suite-5-e1614690234190.jpg?fit=1048%2C696&ssl=1&resize=350%2C200","width":350,"height":200,"srcset":"https:\/\/i0.wp.com\/oscar-resort.com\/wp-content\/uploads\/2019\/08\/jr-suite-5-e1614690234190.jpg?fit=1048%2C696&ssl=1&resize=350%2C200 1x, https:\/\/i0.wp.com\/oscar-resort.com\/wp-content\/uploads\/2019\/08\/jr-suite-5-e1614690234190.jpg?fit=1048%2C696&ssl=1&resize=525%2C300 1.5x, https:\/\/i0.wp.com\/oscar-resort.com\/wp-content\/uploads\/2019\/08\/jr-suite-5-e1614690234190.jpg?fit=1048%2C696&ssl=1&resize=700%2C400 2x"},"classes":[]},{"id":1044,"url":"https:\/\/oscar-resort.com\/de\/rooms\/family-room\/","url_meta":{"origin":709,"position":5},"title":"Poolside Familienzimmer","author":"oscar-group","date":"Thursday, der 25. February 2016","format":false,"excerpt":"Es gibt 30 Familienzimmer mit zwei Schlafzimmern rund um den y-f\u00f6rmigen Pool, der \u00fcber eine eigene Terrasse mit einem Doppelbett und zwei Einzelbetten verf\u00fcgt, die sich ideal f\u00fcr gro\u00dfe Familien eignen","rel":"","context":"In &quot;[:en]Reservation Agreement[:de]Reservierungsvereinbarung[:tr]Sat\u0131\u015f S\u00f6zle\u015fmesi[:]&quot;","block_context":{"text":"[:en]Reservation Agreement[:de]Reservierungsvereinbarung[:tr]Sat\u0131\u015f S\u00f6zle\u015fmesi[:]","link":"https:\/\/oscar-resort.com\/de\/category\/booking-conditions\/agreement-1\/"},"img":{"alt_text":"twobedroomfamilyrooms","src":"https:\/\/i0.wp.com\/oscar-resort.com\/wp-content\/uploads\/2016\/01\/family-room-3.jpg?fit=1200%2C797&ssl=1&resize=350%2C200","width":350,"height":200,"srcset":"https:\/\/i0.wp.com\/oscar-resort.com\/wp-content\/uploads\/2016\/01\/family-room-3.jpg?fit=1200%2C797&ssl=1&resize=350%2C200 1x, https:\/\/i0.wp.com\/oscar-resort.com\/wp-content\/uploads\/2016\/01\/family-room-3.jpg?fit=1200%2C797&ssl=1&resize=525%2C300 1.5x, https:\/\/i0.wp.com\/oscar-resort.com\/wp-content\/uploads\/2016\/01\/family-room-3.jpg?fit=1200%2C797&ssl=1&resize=700%2C400 2x, https:\/\/i0.wp.com\/oscar-resort.com\/wp-content\/uploads\/2016\/01\/family-room-3.jpg?fit=1200%2C797&ssl=1&resize=1050%2C600 3x"},"classes":[]}],"_links":{"self":[{"href":"https:\/\/oscar-resort.com\/de\/wp-json\/wp\/v2\/pages\/709","targetHints":{"allow":["GET"]}}],"collection":[{"href":"https:\/\/oscar-resort.com\/de\/wp-json\/wp\/v2\/pages"}],"about":[{"href":"https:\/\/oscar-resort.com\/de\/wp-json\/wp\/v2\/types\/page"}],"author":[{"embeddable":true,"href":"https:\/\/oscar-resort.com\/de\/wp-json\/wp\/v2\/users\/1"}],"replies":[{"embeddable":true,"href":"https:\/\/oscar-resort.com\/de\/wp-json\/wp\/v2\/comments?post=709"}],"version-history":[{"count":79,"href":"https:\/\/oscar-resort.com\/de\/wp-json\/wp\/v2\/pages\/709\/revisions"}],"predecessor-version":[{"id":48955,"href":"https:\/\/oscar-resort.com\/de\/wp-json\/wp\/v2\/pages\/709\/revisions\/48955"}],"wp:featuredmedia":[{"embeddable":true,"href":"https:\/\/oscar-resort.com\/de\/wp-json\/wp\/v2\/media\/17923"}],"wp:attachment":[{"href":"https:\/\/oscar-resort.com\/de\/wp-json\/wp\/v2\/media?parent=709"}],"curies":[{"name":"wp","href":"https:\/\/api.w.org\/{rel}","templated":true}]}}